{"id":2776,"date":"2022-02-20T18:14:18","date_gmt":"2022-02-20T15:14:18","guid":{"rendered":"https:\/\/adesandelici.com\/?page_id=2776"},"modified":"2023-04-24T14:11:28","modified_gmt":"2023-04-24T11:11:28","slug":"second-hand-machines","status":"publish","type":"page","link":"http:\/\/adesandelici.com\/en\/second-hand-machines\/","title":{"rendered":"Used Machines"},"content":{"rendered":"\t<section class=\"section\" id=\"section_685429586\">\n\t\t<div class=\"bg section-bg fill bg-fill  bg-loaded\" >\n\n\t\t\t\n\t\t\t\n\t\t\t\n\n\t\t<\/div>\n\n\t\t\n\n\t\t<div class=\"section-content relative\">\n\t\t\t\n<div class=\"row row-collapse row-full-width\"  id=\"row-566163730\">\n\n\t<div id=\"col-306583749\" class=\"col small-12 large-12\"  >\n\t\t\t\t<div class=\"col-inner\"  >\n\t\t\t\n\t\t\t\n\n  <div class=\"banner has-hover\" id=\"banner-1776914611\">\n          <div class=\"banner-inner fill\">\n        <div class=\"banner-bg fill\" >\n            <div class=\"bg fill bg-fill \"><\/div>\n                                    \n                    <\/div>\n\t\t\n        <div class=\"banner-layers container\">\n            <div class=\"fill banner-link\"><\/div>            \n   <div id=\"text-box-1665007677\" class=\"text-box banner-layer hidden x5 md-x5 lg-x5 y10 md-y10 lg-y10 res-text\">\n                     <div data-animate=\"fadeInLeft\">           <div class=\"text-box-content text dark\">\n              \n              <div class=\"text-inner text-right\">\n                  \n\t<div id=\"text-2236427995\" class=\"text\">\n\t\t\n<p style=\"line-height: 1.3em; font-weight: 900; font-size: 2.2em;\">\u0130K\u0130NC\u0130 EL MAK\u0130NALAR<\/p>\n\t\t\n<style>\n#text-2236427995 {\n  text-align: left;\n}\n<\/style>\n\t<\/div>\n\t\n              <\/div>\n           <\/div>\n       <\/div>                     \n<style>\n#text-box-1665007677 .text-inner {\n  padding: 10px 30px 57px 20px;\n}\n#text-box-1665007677 {\n  width: 49%;\n}\n#text-box-1665007677 .text-box-content {\n  font-size: 90%;\n}\n@media (min-width:550px) {\n  #text-box-1665007677 .text-box-content {\n    font-size: 153%;\n  }\n}\n@media (min-width:850px) {\n  #text-box-1665007677 {\n    width: 45%;\n  }\n  #text-box-1665007677 .text-box-content {\n    font-size: 200%;\n  }\n}\n<\/style>\n    <\/div>\n \n        <\/div>\n      <\/div>\n\n            \n<style>\n#banner-1776914611 {\n  padding-top: 220px;\n  background-color: rgb(255,255,255);\n}\n#banner-1776914611 .bg.bg-loaded {\n  background-image: url(https:\/\/adesandelici.com\/wp-content\/uploads\/2022\/02\/Ikinci-El-Makinalar-Banner-1.jpg);\n}\n#banner-1776914611 .bg {\n  background-position: 77% 49%;\n}\n#banner-1776914611 .ux-shape-divider--top svg {\n  height: 150px;\n  --divider-top-width: 100%;\n}\n#banner-1776914611 .ux-shape-divider--bottom svg {\n  height: 150px;\n  --divider-width: 100%;\n}\n@media (min-width:550px) {\n  #banner-1776914611 {\n    padding-top: 433px;\n  }\n}\n@media (min-width:850px) {\n  #banner-1776914611 {\n    padding-top: 550px;\n  }\n}\n<\/style>\n  <\/div>\n\n\n\t\t<\/div>\n\t\t\t\t\t<\/div>\n\n\t\n<\/div>\n\t\t<\/div>\n\n\t\t\n<style>\n#section_685429586 {\n  padding-top: 0px;\n  padding-bottom: 0px;\n}\n#section_685429586 .ux-shape-divider--top svg {\n  height: 150px;\n  --divider-top-width: 100%;\n}\n#section_685429586 .ux-shape-divider--bottom svg {\n  height: 150px;\n  --divider-width: 100%;\n}\n<\/style>\n\t<\/section>\n\t\n\t<section class=\"section\" id=\"section_920531065\">\n\t\t<div class=\"bg section-bg fill bg-fill  bg-loaded\" >\n\n\t\t\t\n\t\t\t\n\t\t\t\n\n\t\t<\/div>\n\n\t\t\n\n\t\t<div class=\"section-content relative\">\n\t\t\t\n<div class=\"row align-center\"  id=\"row-1677611504\">\n\n\t<div id=\"col-1555616496\" class=\"col large-12\"  >\n\t\t\t\t<div class=\"col-inner\"  >\n\t\t\t\n\t\t\t\n<h1 style=\"font-size: 2.3em; font-weight: 900;\">Used Machines<\/h1>\n<div style=\"font-size: 1.3em; font-weight: 400;\">\n<p>You can take a look at our pre-owned machines, which we have serviced and maintained, below. By clicking on the &#8220;Review Machine&#8221; button, you can examine the machines in detail. If you are interested in a particular machine, you can click on the &#8220;Get Offer&#8221; button to receive a quote. Additionally, you can contact our sales representatives for detailed information about any of our machines.<\/p>\n<\/div>\n\t\t<\/div>\n\t\t\t\t\n<style>\n#col-1555616496 > .col-inner {\n  margin: 20px 0px 0px 0px;\n}\n<\/style>\n\t<\/div>\n\n\t\n<\/div>\n\t\t<\/div>\n\n\t\t\n<style>\n#section_920531065 {\n  padding-top: 0px;\n  padding-bottom: 0px;\n}\n#section_920531065 .ux-shape-divider--top svg {\n  height: 150px;\n  --divider-top-width: 100%;\n}\n#section_920531065 .ux-shape-divider--bottom svg {\n  height: 150px;\n  --divider-width: 100%;\n}\n<\/style>\n\t<\/section>\n\t\n\t<section class=\"section\" id=\"section_1104925407\">\n\t\t<div class=\"bg section-bg fill bg-fill  bg-loaded\" >\n\n\t\t\t\n\t\t\t\n\t\t\t\n\n\t\t<\/div>\n\n\t\t\n\n\t\t<div class=\"section-content relative\">\n\t\t\t\n<div class=\"row\"  id=\"row-941704998\">\n\n\t<div id=\"col-1826298956\" class=\"col small-12 large-12\"  >\n\t\t\t\t<div class=\"col-inner\"  >\n\t\t\t\n\t\t\t\n<div id=\"portfolio-345705697\" class=\"portfolio-element-wrapper has-filtering\">\n  \n    <div class=\"row large-columns-3 medium-columns-2 small-columns-1 row-small\">\n    <div class=\"col\" data-terms=\"[&quot;Used Machines&quot;]\" >\n          <div class=\"col-inner\" >\n          <a href=\"http:\/\/adesandelici.com\/en\/used-machines\/used-machine-sandvik-rd-525\/\" class=\"plain \">\n          <div class=\"portfolio-box box has-hover box-default\">\n            <div class=\"box-image\" >\n                <div class=\"image-zoom image-cover\" style=\"padding-top:100%;\">\n                <img decoding=\"async\" width=\"225\" height=\"300\" src=\"https:\/\/adesandelici.com\/wp-content\/uploads\/2022\/03\/Sandvik-RD-5251-04-225x300.jpg\" class=\"attachment-medium size-medium\" alt=\"\" srcset=\"https:\/\/adesandelici.com\/wp-content\/uploads\/2022\/03\/Sandvik-RD-5251-04-225x300.jpg 225w, https:\/\/adesandelici.com\/wp-content\/uploads\/2022\/03\/Sandvik-RD-5251-04-56x75.jpg 56w, https:\/\/adesandelici.com\/wp-content\/uploads\/2022\/03\/Sandvik-RD-5251-04.jpg 600w\" sizes=\"(max-width: 225px) 100vw, 225px\" title=\"\">                                                <\/div>\n            <\/div>\n            <div class=\"box-text text-center is-large\" >\n                  <div class=\"box-text-inner\">\n                      <h6 class=\"uppercase portfolio-box-title\">Used Machine Sandvik RD 525<\/h6>\n                      <p class=\"uppercase portfolio-box-category is-xsmall op-6\">\n                        <span class=\"show-on-hover\">\n                         Used Machines                        <\/span>\n                      <\/p>\n                  <\/div>\n            <\/div>\n           <\/div>\n           <\/a>\n           <\/div>\n           <\/div><div class=\"col\" data-terms=\"[&quot;Used Machines&quot;]\" >\n          <div class=\"col-inner\" >\n          <a href=\"http:\/\/adesandelici.com\/en\/used-machines\/used-machine-sandvik-dx-700-2010-model\/\" class=\"plain \">\n          <div class=\"portfolio-box box has-hover box-default\">\n            <div class=\"box-image\" >\n                <div class=\"image-zoom image-cover\" style=\"padding-top:100%;\">\n                <img decoding=\"async\" width=\"300\" height=\"225\" src=\"https:\/\/adesandelici.com\/wp-content\/uploads\/2022\/03\/Sandvik-DX-700-1-06-300x225.jpg\" class=\"attachment-medium size-medium\" alt=\"\" srcset=\"https:\/\/adesandelici.com\/wp-content\/uploads\/2022\/03\/Sandvik-DX-700-1-06-300x225.jpg 300w, https:\/\/adesandelici.com\/wp-content\/uploads\/2022\/03\/Sandvik-DX-700-1-06-768x576.jpg 768w, https:\/\/adesandelici.com\/wp-content\/uploads\/2022\/03\/Sandvik-DX-700-1-06-75x56.jpg 75w, https:\/\/adesandelici.com\/wp-content\/uploads\/2022\/03\/Sandvik-DX-700-1-06.jpg 800w\" sizes=\"(max-width: 300px) 100vw, 300px\" title=\"\">                                                <\/div>\n            <\/div>\n            <div class=\"box-text text-center is-large\" >\n                  <div class=\"box-text-inner\">\n                      <h6 class=\"uppercase portfolio-box-title\">Used Machine Sandvik DX 700 &#8211; 2010 Model<\/h6>\n                      <p class=\"uppercase portfolio-box-category is-xsmall op-6\">\n                        <span class=\"show-on-hover\">\n                         Used Machines                        <\/span>\n                      <\/p>\n                  <\/div>\n            <\/div>\n           <\/div>\n           <\/a>\n           <\/div>\n           <\/div><div class=\"col\" data-terms=\"[&quot;Used Machines&quot;]\" >\n          <div class=\"col-inner\" >\n          <a href=\"http:\/\/adesandelici.com\/en\/used-machines\/used-machine-atlas-copco-flexiroc-t35-model-2016\/\" class=\"plain \">\n          <div class=\"portfolio-box box has-hover box-default\">\n            <div class=\"box-image\" >\n                <div class=\"image-zoom image-cover\" style=\"padding-top:100%;\">\n                <img decoding=\"async\" width=\"300\" height=\"225\" src=\"https:\/\/adesandelici.com\/wp-content\/uploads\/2022\/03\/Atlas-Copco-T351-08-300x225.jpg\" class=\"attachment-medium size-medium\" alt=\"\" srcset=\"https:\/\/adesandelici.com\/wp-content\/uploads\/2022\/03\/Atlas-Copco-T351-08-300x225.jpg 300w, https:\/\/adesandelici.com\/wp-content\/uploads\/2022\/03\/Atlas-Copco-T351-08-768x576.jpg 768w, https:\/\/adesandelici.com\/wp-content\/uploads\/2022\/03\/Atlas-Copco-T351-08-75x56.jpg 75w, https:\/\/adesandelici.com\/wp-content\/uploads\/2022\/03\/Atlas-Copco-T351-08.jpg 800w\" sizes=\"(max-width: 300px) 100vw, 300px\" title=\"\">                                                <\/div>\n            <\/div>\n            <div class=\"box-text text-center is-large\" >\n                  <div class=\"box-text-inner\">\n                      <h6 class=\"uppercase portfolio-box-title\">Used Machine Atlas Copco Flexiroc T35 &#8211; Model 2016<\/h6>\n                      <p class=\"uppercase portfolio-box-category is-xsmall op-6\">\n                        <span class=\"show-on-hover\">\n                         Used Machines                        <\/span>\n                      <\/p>\n                  <\/div>\n            <\/div>\n           <\/div>\n           <\/a>\n           <\/div>\n           <\/div><div class=\"col\" data-terms=\"[&quot;Used Machines&quot;]\" >\n          <div class=\"col-inner\" >\n          <a href=\"http:\/\/adesandelici.com\/en\/used-machines\/used-machine-atlas-copco-f9-model-2000\/\" class=\"plain \">\n          <div class=\"portfolio-box box has-hover box-default\">\n            <div class=\"box-image\" >\n                <div class=\"image-zoom image-cover\" style=\"padding-top:100%;\">\n                <img decoding=\"async\" width=\"225\" height=\"300\" src=\"https:\/\/adesandelici.com\/wp-content\/uploads\/2022\/03\/Atlas-Copco-F91-07-225x300.jpg\" class=\"attachment-medium size-medium\" alt=\"\" srcset=\"https:\/\/adesandelici.com\/wp-content\/uploads\/2022\/03\/Atlas-Copco-F91-07-225x300.jpg 225w, https:\/\/adesandelici.com\/wp-content\/uploads\/2022\/03\/Atlas-Copco-F91-07-56x75.jpg 56w, https:\/\/adesandelici.com\/wp-content\/uploads\/2022\/03\/Atlas-Copco-F91-07.jpg 600w\" sizes=\"(max-width: 225px) 100vw, 225px\" title=\"\">                                                <\/div>\n            <\/div>\n            <div class=\"box-text text-center is-large\" >\n                  <div class=\"box-text-inner\">\n                      <h6 class=\"uppercase portfolio-box-title\">Used Machine Atlas Copco F9 &#8211; Model 2000<\/h6>\n                      <p class=\"uppercase portfolio-box-category is-xsmall op-6\">\n                        <span class=\"show-on-hover\">\n                         Used Machines                        <\/span>\n                      <\/p>\n                  <\/div>\n            <\/div>\n           <\/div>\n           <\/a>\n           <\/div>\n           <\/div><\/div><\/div>\n\t\t<\/div>\n\t\t\t\t\t<\/div>\n\n\t\n<\/div>\n\t\t<\/div>\n\n\t\t\n<style>\n#section_1104925407 {\n  padding-top: 30px;\n  padding-bottom: 30px;\n  background-color: rgb(240, 240, 240);\n}\n#section_1104925407 .ux-shape-divider--top svg {\n  height: 150px;\n  --divider-top-width: 100%;\n}\n#section_1104925407 .ux-shape-divider--bottom svg {\n  height: 150px;\n  --divider-width: 100%;\n}\n<\/style>\n\t<\/section>\n\t\n","protected":false},"excerpt":{"rendered":"","protected":false},"author":1,"featured_media":0,"parent":0,"menu_order":0,"comment_status":"closed","ping_status":"closed","template":"page-blank.php","meta":{"footnotes":""},"class_list":["post-2776","page","type-page","status-publish","hentry"],"acf":[],"_links":{"self":[{"href":"https:\/\/adesandelici.com\/en\/wp-json\/wp\/v2\/pages\/2776","targetHints":{"allow":["GET"]}}],"collection":[{"href":"https:\/\/adesandelici.com\/en\/wp-json\/wp\/v2\/pages"}],"about":[{"href":"https:\/\/adesandelici.com\/en\/wp-json\/wp\/v2\/types\/page"}],"author":[{"embeddable":true,"href":"https:\/\/adesandelici.com\/en\/wp-json\/wp\/v2\/users\/1"}],"replies":[{"embeddable":true,"href":"https:\/\/adesandelici.com\/en\/wp-json\/wp\/v2\/comments?post=2776"}],"version-history":[{"count":0,"href":"https:\/\/adesandelici.com\/en\/wp-json\/wp\/v2\/pages\/2776\/revisions"}],"wp:attachment":[{"href":"https:\/\/adesandelici.com\/en\/wp-json\/wp\/v2\/media?parent=2776"}],"curies":[{"name":"wp","href":"https:\/\/api.w.org\/{rel}","templated":true}]}}