{"id":2780,"date":"2021-01-24T16:17:15","date_gmt":"2021-01-24T13:17:15","guid":{"rendered":"https:\/\/adesandelici.com\/?page_id=2780"},"modified":"2024-09-17T10:54:57","modified_gmt":"2024-09-17T07:54:57","slug":"contact","status":"publish","type":"page","link":"http:\/\/adesandelici.com\/en\/contact\/","title":{"rendered":"Contact"},"content":{"rendered":"<div class=\"row row-full-width align-middle\"  id=\"row-1062918515\">\n\n\t<div id=\"col-1535870314\" class=\"col medium-7 small-12 large-9\"  >\n\t\t\t\t<div class=\"col-inner\"  >\n\t\t\t\n\t\t\t\n\n<p><iframe src=\"https:\/\/www.google.com\/maps\/embed?pb=!1m18!1m12!1m3!1d3056.5855662478616!2d32.73430707701027!3d39.995365971510445!2m3!1f0!2f0!3f0!3m2!1i1024!2i768!4f13.1!3m3!1m2!1s0x14d349f5817309d3%3A0x68ee67d410578e!2zQURFU0FOIERFTMSwQ8SwIMSwxZ4gTUFLxLBOQUxBUkk!5e0!3m2!1sen!2s!4v1726557503808!5m2!1sen!2s\" width=\"100%\" height=\"450\" style=\"border:0;\" allowfullscreen=\"\" loading=\"lazy\" referrerpolicy=\"no-referrer-when-downgrade\"><\/iframe><br \/>\n\n\t\t<\/div>\n\t\t\t\t\t<\/div>\n\n\t\n\n\t<div id=\"col-1941391366\" class=\"col medium-5 small-12 large-3\"  >\n\t\t\t\t<div class=\"col-inner\"  >\n\t\t\t\n\t\t\t\n<div class=\"row\"  id=\"row-2121873263\">\n\n\t<div id=\"col-2083539653\" class=\"col small-12 large-12\"  >\n\t\t\t\t<div class=\"col-inner dark\" style=\"background-color:rgb(0,0,0);\" >\n\t\t\t\n\t\t\t\n\t<div id=\"text-3615785731\" class=\"text\">\n\t\t\n<p style=\"font-size: 1.2em;\"><span style=\"font-weight: bold; color: #ff5f00;\">ADESAN DEL\u0130C\u0130 \u0130\u015e MAK\u0130NALARI<br \/>YEDEK PAR\u00c7A LTD.\u015eT\u0130.<\/span><br \/>\u0130vedik OSB 1468 Cd. (Eski 24)<br \/>No: 91 Ostim-Yenimahalle \/ Ankara<br \/>WhatsApp: +90 533 918 71 32<br \/>Phone: +90 312 394 47 70<br \/>Fax: +90 312 394 47 68<br \/>E-mail: <a href=\"mailto:sales@adesandelici.com\">sales@adesandelici.com<\/a><\/p>\n\t\t\n<style>\n#text-3615785731 {\n  font-size: 0.85rem;\n}\n<\/style>\n\t<\/div>\n\t\n<a rel=\"noopener noreferrer nofollow\" href=\"https:\/\/goo.gl\/maps\/XuiRqRnppT4XYx498\" target=\"_blank\" class=\"button secondary lowercase expand\" style=\"border-radius:10px;\">\n    <span>Get Directions<\/span>\n  <\/a>\n\n\t\t<\/div>\n\t\t\t\t\n<style>\n#col-2083539653 > .col-inner {\n  padding: 20px 20px 20px 20px;\n}\n<\/style>\n\t<\/div>\n\n\t\n<\/div>\n\t\t<\/div>\n\t\t\t\t\t<\/div>\n\n\t\n\n<style>\n#row-1062918515 > .col > .col-inner {\n  padding: 20px 0px 0px 0px;\n}\n<\/style>\n<\/div>\n\n\n\t<section class=\"section\" id=\"section_1845453384\">\n\t\t<div class=\"bg section-bg fill bg-fill  bg-loaded\" >\n\n\t\t\t\n\t\t\t\n\t\t\t\n\n\t\t<\/div>\n\n\t\t\n\n\t\t<div class=\"section-content relative\">\n\t\t\t\n<div class=\"row\"  id=\"row-1218613305\">\n\n\t<div id=\"col-262212123\" class=\"col small-12 large-12\"  >\n\t\t\t\t<div class=\"col-inner\"  >\n\t\t\t\n\t\t\t\n<div class=\"row\"  id=\"row-1306142399\">\n\n\t<div id=\"col-1533358745\" class=\"col small-12 large-12\"  >\n\t\t\t\t<div class=\"col-inner\"  >\n\t\t\t\n\t\t\t\n<h1 style=\"font-size: 2em; font-weight: 900;\">Contact<\/h1>\n<div style=\"font-size: 1.1em; font-weight: 400;\">\n<p>Please fill in the form below with your message and other details and click the <strong>&#8220;Send&#8221;<\/strong> button. Your message will be forwarded to the relevant department.<\/p>\n<div id=\"quform-0a2798\" class=\"quform quform-10 quform-support-page-caching\"><form id=\"quform-form-0a2798\" class=\"quform-form quform-form-10\" action=\"\/en\/wp-json\/wp\/v2\/pages\/2780#quform-0a2798\" method=\"post\" enctype=\"multipart\/form-data\" novalidate=\"novalidate\" data-options=\"{&quot;id&quot;:10,&quot;uniqueId&quot;:&quot;0a2798&quot;,&quot;theme&quot;:&quot;&quot;,&quot;ajax&quot;:true,&quot;logic&quot;:{&quot;logic&quot;:{&quot;2&quot;:{&quot;action&quot;:false,&quot;match&quot;:&quot;all&quot;,&quot;rules&quot;:[{&quot;elementId&quot;:&quot;15&quot;,&quot;operator&quot;:&quot;contains&quot;,&quot;optionId&quot;:null,&quot;value&quot;:&quot;@adesandelici.com&quot;}]}},&quot;dependents&quot;:{&quot;15&quot;:[2]},&quot;elementIds&quot;:[2],&quot;dependentElementIds&quot;:[&quot;15&quot;],&quot;animate&quot;:true},&quot;currentPageId&quot;:1,&quot;errorsIcon&quot;:&quot;&quot;,&quot;updateFancybox&quot;:true,&quot;hasPages&quot;:false,&quot;pages&quot;:[1],&quot;pageProgressType&quot;:&quot;numbers&quot;,&quot;tooltipsEnabled&quot;:true,&quot;tooltipClasses&quot;:&quot;qtip-quform-dark qtip-shadow&quot;,&quot;tooltipMy&quot;:&quot;left center&quot;,&quot;tooltipAt&quot;:&quot;right center&quot;,&quot;isRtl&quot;:false,&quot;scrollOffset&quot;:-50,&quot;scrollSpeed&quot;:800}\"><button class=\"quform-default-submit\" name=\"quform_submit\" type=\"submit\" value=\"submit\" aria-hidden=\"true\" tabindex=\"-1\"><\/button><div class=\"quform-form-inner quform-form-inner-10\"><input type=\"hidden\" name=\"quform_form_id\" value=\"10\" \/><input type=\"hidden\" name=\"quform_form_uid\" value=\"0a2798\" \/><input type=\"hidden\" name=\"quform_count\" value=\"1\" \/><input type=\"hidden\" name=\"form_url\" value=\"https:\/\/adesandelici.com\/en\/wp-json\/wp\/v2\/pages\/2780\" \/><input type=\"hidden\" name=\"referring_url\" value=\"\" \/><input type=\"hidden\" name=\"post_id\" value=\"\" \/><input type=\"hidden\" name=\"post_title\" value=\"\" \/><input type=\"hidden\" name=\"quform_current_page_id\" value=\"1\" \/><input type=\"hidden\" name=\"quform_csrf_token\" value=\"8CGjmU5i6A2f1kR7suoxBYipu98y1SNveBBMGl0z\" \/><div class=\"quform-elements quform-elements-10 quform-cf quform-responsive-elements-phone-landscape\"><div class=\"quform-element quform-element-page quform-page-1 quform-page-10_1 quform-cf quform-group-style-plain quform-first-page quform-last-page quform-current-page\"><div class=\"quform-child-elements\"><div class=\"quform-element quform-element-row quform-element-row-10_5 quform-2-columns quform-element-row-size-fixed quform-responsive-columns-phone-landscape\"><div class=\"quform-element quform-element-column quform-element-10_6\"><div class=\"quform-element quform-element-text quform-element-10_4 quform-cf quform-element-required\"><div class=\"quform-spacer\"><div class=\"quform-label quform-label-10_4\"><label class=\"quform-label-text\" for=\"quform_10_4_0a2798\">First Name<span class=\"quform-required\">*<\/span><\/label><\/div><div class=\"quform-inner quform-inner-text quform-inner-10_4\"><div class=\"quform-input quform-input-text quform-input-10_4 quform-cf\"><input type=\"text\" id=\"quform_10_4_0a2798\" name=\"quform_10_4\" class=\"quform-field quform-field-text quform-field-10_4\" \/><\/div><\/div><\/div><\/div><\/div><div class=\"quform-element quform-element-column quform-element-10_7\"><div class=\"quform-element quform-element-text quform-element-10_8 quform-cf quform-element-required\"><div class=\"quform-spacer\"><div class=\"quform-label quform-label-10_8\"><label class=\"quform-label-text\" for=\"quform_10_8_0a2798\">Last Name<span class=\"quform-required\">*<\/span><\/label><\/div><div class=\"quform-inner quform-inner-text quform-inner-10_8\"><div class=\"quform-input quform-input-text quform-input-10_8 quform-cf\"><input type=\"text\" id=\"quform_10_8_0a2798\" name=\"quform_10_8\" class=\"quform-field quform-field-text quform-field-10_8\" \/><\/div><\/div><\/div><\/div><\/div><\/div><div class=\"quform-element quform-element-row quform-element-row-10_16 quform-2-columns quform-element-row-size-fixed quform-responsive-columns-phone-landscape\"><div class=\"quform-element quform-element-column quform-element-10_17\"><div class=\"quform-element quform-element-text quform-element-10_11 quform-cf quform-element-optional\"><div class=\"quform-spacer\"><div class=\"quform-label quform-label-10_11\"><label class=\"quform-label-text\" for=\"quform_10_11_0a2798\">Company<\/label><\/div><div class=\"quform-inner quform-inner-text quform-inner-10_11\"><div class=\"quform-input quform-input-text quform-input-10_11 quform-cf\"><input type=\"text\" id=\"quform_10_11_0a2798\" name=\"quform_10_11\" class=\"quform-field quform-field-text quform-field-10_11\" \/><\/div><\/div><\/div><\/div><\/div><div class=\"quform-element quform-element-column quform-element-10_19\"><div class=\"quform-element quform-element-email quform-element-10_15 quform-cf quform-element-required\"><div class=\"quform-spacer\"><div class=\"quform-label quform-label-10_15\"><label class=\"quform-label-text\" for=\"quform_10_15_0a2798\">E-mail<span class=\"quform-required\">*<\/span><\/label><\/div><div class=\"quform-inner quform-inner-email quform-inner-10_15\"><div class=\"quform-input quform-input-email quform-input-10_15 quform-cf\"><input type=\"email\" id=\"quform_10_15_0a2798\" name=\"quform_10_15\" class=\"quform-field quform-field-email quform-field-10_15\" \/><\/div><\/div><\/div><\/div><\/div><\/div><div class=\"quform-element quform-element-row quform-element-row-10_21 quform-2-columns quform-element-row-size-fixed quform-responsive-columns-phone-landscape\"><div class=\"quform-element quform-element-column quform-element-10_22\"><div class=\"quform-element quform-element-text quform-element-10_23 quform-cf quform-element-optional\"><div class=\"quform-spacer\"><div class=\"quform-label quform-label-10_23\"><label class=\"quform-label-text\" for=\"quform_10_23_0a2798\">Phone<\/label><\/div><div class=\"quform-inner quform-inner-text quform-inner-10_23\"><div class=\"quform-input quform-input-text quform-input-10_23 quform-cf\"><input type=\"text\" id=\"quform_10_23_0a2798\" name=\"quform_10_23\" class=\"quform-field quform-field-text quform-field-10_23\" \/><\/div><\/div><\/div><\/div><\/div><div class=\"quform-element quform-element-column quform-element-10_24\"><div class=\"quform-element quform-element-select quform-element-10_27 quform-cf quform-element-required\"><div class=\"quform-spacer\"><div class=\"quform-label quform-label-10_27\"><label class=\"quform-label-text\" for=\"quform_10_27_0a2798\">Country<span class=\"quform-required\">*<\/span><\/label><\/div><div class=\"quform-inner quform-inner-select quform-inner-10_27 quform-field-size-slim\"><div class=\"quform-input quform-input-select quform-input-10_27 quform-cf\"><select id=\"quform_10_27_0a2798\" name=\"quform_10_27\" class=\"quform-field quform-field-select quform-field-10_27 quform-field-select-enhanced\" data-options=\"{&quot;rtl&quot;:false,&quot;search&quot;:true,&quot;noResultsFound&quot;:&quot;No results found.&quot;}\" style=\"width: 100%;\"><option value=\"\" selected=\"selected\">Please select<\/option><option value=\"Afganistan\">Afganistan<\/option><option value=\"Albania\">Albania<\/option><option value=\"Cezayir\">Cezayir<\/option><option value=\"Amerikan Samoas\u0131\">Amerikan Samoas\u0131<\/option><option value=\"Andora\">Andora<\/option><option value=\"Angola\">Angola<\/option><option value=\"Anguilla\">Anguilla<\/option><option value=\"Antartika\">Antartika<\/option><option value=\"Antigua ve Barbuda\">Antigua ve Barbuda<\/option><option value=\"Arjantin\">Arjantin<\/option><option value=\"Ermenistan\">Ermenistan<\/option><option value=\"Aruba\">Aruba<\/option><option value=\"Avustralya\">Avustralya<\/option><option value=\"Avusturya\">Avusturya<\/option><option value=\"Azerbaycan\">Azerbaycan<\/option><option value=\"Bahamalar\">Bahamalar<\/option><option value=\"Bahreyn\">Bahreyn<\/option><option value=\"Banglade\u015f\">Banglade\u015f<\/option><option value=\"Barbados\">Barbados<\/option><option value=\"Belarus\">Belarus<\/option><option value=\"Bel\u00e7ika\">Bel\u00e7ika<\/option><option value=\"Belize\">Belize<\/option><option value=\"Benin\">Benin<\/option><option value=\"Bermuda\">Bermuda<\/option><option value=\"Butan\">Butan<\/option><option value=\"Bolivya\">Bolivya<\/option><option value=\"Bosna Hersek\">Bosna Hersek<\/option><option value=\"Botsvana\">Botsvana<\/option><option value=\"Bouvet Adas\u0131\">Bouvet Adas\u0131<\/option><option value=\"Brezilya\">Brezilya<\/option><option value=\"Hint Okyanusu \u0130ngiliz B\u00f6lgesi\">Hint Okyanusu \u0130ngiliz B\u00f6lgesi<\/option><option value=\"Brunei Sultanl\u0131\u011f\u0131\">Brunei Sultanl\u0131\u011f\u0131<\/option><option value=\"Bulgaristan\">Bulgaristan<\/option><option value=\"Burkina Faso\">Burkina Faso<\/option><option value=\"Burundi\">Burundi<\/option><option value=\"Kambo\u00e7ya\">Kambo\u00e7ya<\/option><option value=\"Kamerun\">Kamerun<\/option><option value=\"Kanada\">Kanada<\/option><option value=\"Cape Verde\">Cape Verde<\/option><option value=\"Cayman Adalar\u0131\">Cayman Adalar\u0131<\/option><option value=\"Orta Afrika Cumhuriyeti\">Orta Afrika Cumhuriyeti<\/option><option value=\"\u00c7at\">\u00c7at<\/option><option value=\"\u015eili\">\u015eili<\/option><option value=\"\u00c7in\">\u00c7in<\/option><option value=\"Christmas Adalar\u0131\">Christmas Adalar\u0131<\/option><option value=\"Cocos (Keeling) Adalar\u0131\">Cocos (Keeling) Adalar\u0131<\/option><option value=\"Kolombiya\">Kolombiya<\/option><option value=\"Komorlar\">Komorlar<\/option><option value=\"Kongo\">Kongo<\/option><option value=\"Kongo Demokratik Cumhuriyeti\">Kongo Demokratik Cumhuriyeti<\/option><option value=\"Cook Adalar\u0131\">Cook Adalar\u0131<\/option><option value=\"Kosta Rika\">Kosta Rika<\/option><option value=\"Fildi\u015fi Sahilleri\">Fildi\u015fi Sahilleri<\/option><option value=\"H\u0131rvatistan\">H\u0131rvatistan<\/option><option value=\"K\u00fcba\">K\u00fcba<\/option><option value=\"KKTC\">KKTC<\/option><option value=\"\u00c7ek Cumhuriyeti\">\u00c7ek Cumhuriyeti<\/option><option value=\"Danimarka\">Danimarka<\/option><option value=\"Cibuti\">Cibuti<\/option><option value=\"Dominik\">Dominik<\/option><option value=\"Dominik Cumhuriyeti\">Dominik Cumhuriyeti<\/option><option value=\"Do\u011fu Timor\">Do\u011fu Timor<\/option><option value=\"Ekvator\">Ekvator<\/option><option value=\"M\u0131s\u0131r\">M\u0131s\u0131r<\/option><option value=\"El Salvador\">El Salvador<\/option><option value=\"Ekvator Ginesi\">Ekvator Ginesi<\/option><option value=\"Eritre\">Eritre<\/option><option value=\"Estonya\">Estonya<\/option><option value=\"Etiyopya\">Etiyopya<\/option><option value=\"Falkland Adalar\u0131 (Malvinas)\">Falkland Adalar\u0131 (Malvinas)<\/option><option value=\"Faroe Adalar\u0131\">Faroe Adalar\u0131<\/option><option value=\"Fiji\">Fiji<\/option><option value=\"Finlandiya\">Finlandiya<\/option><option value=\"Fransa\">Fransa<\/option><option value=\"France, Metropolitan\">France, Metropolitan<\/option><option value=\"Frans\u0131z Guyanas\u0131\">Frans\u0131z Guyanas\u0131<\/option><option value=\"Frans\u0131z Polinezyas\u0131\">Frans\u0131z Polinezyas\u0131<\/option><option value=\"Frans\u0131z G\u00fcney B\u00f6lgesi\">Frans\u0131z G\u00fcney B\u00f6lgesi<\/option><option value=\"Gabon\">Gabon<\/option><option value=\"Gambiya\">Gambiya<\/option><option value=\"G\u00fcrcistan\">G\u00fcrcistan<\/option><option value=\"Almanya\">Almanya<\/option><option value=\"Gana\">Gana<\/option><option value=\"Cebelitar\u0131k\">Cebelitar\u0131k<\/option><option value=\"Yunanistan\">Yunanistan<\/option><option value=\"Gr\u00f6nland\">Gr\u00f6nland<\/option><option value=\"Grenada\">Grenada<\/option><option value=\"Guadeloupe\">Guadeloupe<\/option><option value=\"Guam\">Guam<\/option><option value=\"Guatemala\">Guatemala<\/option><option value=\"Gine\">Gine<\/option><option value=\"Gine-Bisav\">Gine-Bisav<\/option><option value=\"Guyana\">Guyana<\/option><option value=\"Haiti\">Haiti<\/option><option value=\"Heard ve Mc Donald adalar\u0131\">Heard ve Mc Donald adalar\u0131<\/option><option value=\"Vatikan\">Vatikan<\/option><option value=\"Honduras\">Honduras<\/option><option value=\"Hong Kong\">Hong Kong<\/option><option value=\"Macaristan\">Macaristan<\/option><option value=\"\u0130zlanda\">\u0130zlanda<\/option><option value=\"Hindistan\">Hindistan<\/option><option value=\"Endonezya\">Endonezya<\/option><option value=\"\u0130ran\">\u0130ran<\/option><option value=\"Irak\">Irak<\/option><option value=\"\u0130rlanda\">\u0130rlanda<\/option><option value=\"\u0130srail\">\u0130srail<\/option><option value=\"\u0130talya\">\u0130talya<\/option><option value=\"Jamaika\">Jamaika<\/option><option value=\"Japonya\">Japonya<\/option><option value=\"\u00dcrd\u00fcn\">\u00dcrd\u00fcn<\/option><option value=\"Kazakistan\">Kazakistan<\/option><option value=\"Kenya\">Kenya<\/option><option value=\"Kiribati\">Kiribati<\/option><option value=\"Kore Demokratik Halk Cumhuriyeti\">Kore Demokratik Halk Cumhuriyeti<\/option><option value=\"Kore Cumhuriyeti\">Kore Cumhuriyeti<\/option><option value=\"Kuveyt\">Kuveyt<\/option><option value=\"K\u0131rg\u0131zistan\">K\u0131rg\u0131zistan<\/option><option value=\"Lao Demokratik Halk Cumhuriyeti\">Lao Demokratik Halk Cumhuriyeti<\/option><option value=\"Letonya\">Letonya<\/option><option value=\"L\u00fcbnan\">L\u00fcbnan<\/option><option value=\"Lesoto\">Lesoto<\/option><option value=\"Liberya\">Liberya<\/option><option value=\"Libya Arap Cumhuriyeti\">Libya Arap Cumhuriyeti<\/option><option value=\"Lihten\u015ftayn\">Lihten\u015ftayn<\/option><option value=\"Litvanya\">Litvanya<\/option><option value=\"L\u00fcksemburg\">L\u00fcksemburg<\/option><option value=\"Makao\">Makao<\/option><option value=\"Makedonya, eski Yugoslav Cumhuriyeti\">Makedonya, eski Yugoslav Cumhuriyeti<\/option><option value=\"Madagaskar\">Madagaskar<\/option><option value=\"Malavi\">Malavi<\/option><option value=\"Malezya\">Malezya<\/option><option value=\"Maldivler\">Maldivler<\/option><option value=\"Mali\">Mali<\/option><option value=\"Malta\">Malta<\/option><option value=\"Marshall Adalar\u0131\">Marshall Adalar\u0131<\/option><option value=\"Martinik\">Martinik<\/option><option value=\"Moritanya\">Moritanya<\/option><option value=\"Moritus\">Moritus<\/option><option value=\"Mayot\">Mayot<\/option><option value=\"Meksika\">Meksika<\/option><option value=\"Mikronezya Federal Devletleri\">Mikronezya Federal Devletleri<\/option><option value=\"Moldova Cumhuriyeti\">Moldova Cumhuriyeti<\/option><option value=\"Monako\">Monako<\/option><option value=\"Mo\u011folistan\">Mo\u011folistan<\/option><option value=\"Montserrat\">Montserrat<\/option><option value=\"Fas\">Fas<\/option><option value=\"Mozambik\">Mozambik<\/option><option value=\"Myanmar\">Myanmar<\/option><option value=\"Namibya\">Namibya<\/option><option value=\"Nauru\">Nauru<\/option><option value=\"Nepal\">Nepal<\/option><option value=\"Hollanda\">Hollanda<\/option><option value=\"Hollanda Antilleri\">Hollanda Antilleri<\/option><option value=\"Yeni Kaledonya\">Yeni Kaledonya<\/option><option value=\"Yeni Zelanda\">Yeni Zelanda<\/option><option value=\"Nikaragua\">Nikaragua<\/option><option value=\"Nijer\">Nijer<\/option><option value=\"Nijerya\">Nijerya<\/option><option value=\"Niue\">Niue<\/option><option value=\"Norfolk Adas\u0131\">Norfolk Adas\u0131<\/option><option value=\"Kuzey Mariana Adalar\u0131\">Kuzey Mariana Adalar\u0131<\/option><option value=\"Norve\u00e7\">Norve\u00e7<\/option><option value=\"Umman\">Umman<\/option><option value=\"Pakistan\">Pakistan<\/option><option value=\"Palau\">Palau<\/option><option value=\"Panama\">Panama<\/option><option value=\"Papua Yeni Gine\">Papua Yeni Gine<\/option><option value=\"Paraguay\">Paraguay<\/option><option value=\"Peru\">Peru<\/option><option value=\"Filipinler\">Filipinler<\/option><option value=\"Pitcairn\">Pitcairn<\/option><option value=\"Polanya\">Polanya<\/option><option value=\"Portekiz\">Portekiz<\/option><option value=\"Puerto Rico\">Puerto Rico<\/option><option value=\"Katar\">Katar<\/option><option value=\"Birle\u015fme\">Birle\u015fme<\/option><option value=\"Romanya\">Romanya<\/option><option value=\"Rusya Federasyonu\">Rusya Federasyonu<\/option><option value=\"Rwanda\">Rwanda<\/option><option value=\"Saint Kitts And Nevis\">Saint Kitts And Nevis<\/option><option value=\"Saint Lucia\">Saint Lucia<\/option><option value=\"Saint Vincent ve Grenadinler\">Saint Vincent ve Grenadinler<\/option><option value=\"Samoa\">Samoa<\/option><option value=\"San Marino\">San Marino<\/option><option value=\"Sao Tome ve Principe\">Sao Tome ve Principe<\/option><option value=\"Suudi Arabistan\">Suudi Arabistan<\/option><option value=\"Senegal\">Senegal<\/option><option value=\"Sey\u015fel Adalar\u0131\">Sey\u015fel Adalar\u0131<\/option><option value=\"Sierra Leone\">Sierra Leone<\/option><option value=\"Singapur\">Singapur<\/option><option value=\"Slovakya (Slovakya Cumhuriyeti)\">Slovakya (Slovakya Cumhuriyeti)<\/option><option value=\"Slovenya\">Slovenya<\/option><option value=\"Solomon Adalar\u0131\">Solomon Adalar\u0131<\/option><option value=\"Somali\">Somali<\/option><option value=\"G\u00fcney Afrika\">G\u00fcney Afrika<\/option><option value=\"G\u00fcney Georgia ve G\u00fcney Sandwich Adalar\u0131\">G\u00fcney Georgia ve G\u00fcney Sandwich Adalar\u0131<\/option><option value=\"\u0130spanya\">\u0130spanya<\/option><option value=\"Sri Lanka\">Sri Lanka<\/option><option value=\"St. Helena\">St. Helena<\/option><option value=\"St. Pierre And Miquelon\">St. Pierre And Miquelon<\/option><option value=\"Sudan\">Sudan<\/option><option value=\"Surinam\">Surinam<\/option><option value=\"Svalbard ve Jan Mayen Adalar\u0131\">Svalbard ve Jan Mayen Adalar\u0131<\/option><option value=\"Swaziland\">Swaziland<\/option><option value=\"\u0130sve\u00e7\">\u0130sve\u00e7<\/option><option value=\"\u0130svi\u00e7re\">\u0130svi\u00e7re<\/option><option value=\"Suriye Arap Cumhuriyeti\">Suriye Arap Cumhuriyeti<\/option><option value=\"Tayvan\">Tayvan<\/option><option value=\"Tacikistan\">Tacikistan<\/option><option value=\"Tanzanya Birle\u015fik Cumhuriyeti\">Tanzanya Birle\u015fik Cumhuriyeti<\/option><option value=\"Tayland\">Tayland<\/option><option value=\"Togo\">Togo<\/option><option value=\"Tokelau\">Tokelau<\/option><option value=\"Tonga\">Tonga<\/option><option value=\"Trinidad ve Tobago\">Trinidad ve Tobago<\/option><option value=\"Tunus\">Tunus<\/option><option value=\"T\u00fcrkiye\">T\u00fcrkiye<\/option><option value=\"Turkmenistan\">Turkmenistan<\/option><option value=\"Turks ve Caicos Adalar\u0131\">Turks ve Caicos Adalar\u0131<\/option><option value=\"Tuvalu\">Tuvalu<\/option><option value=\"Uganda\">Uganda<\/option><option value=\"Ukrayna\">Ukrayna<\/option><option value=\"Birle\u015fik Arap Emirlikleri\">Birle\u015fik Arap Emirlikleri<\/option><option value=\"Birle\u015fik Krall\u0131k\">Birle\u015fik Krall\u0131k<\/option><option value=\"Amerika Birle\u015fik Devletleri ABD\">Amerika Birle\u015fik Devletleri ABD<\/option><option value=\"Birle\u015fik Devletler K\u00fc\u00e7\u00fck D\u0131\u015f Adalar\u0131\">Birle\u015fik Devletler K\u00fc\u00e7\u00fck D\u0131\u015f Adalar\u0131<\/option><option value=\"Uruguay\">Uruguay<\/option><option value=\"\u00d6zbekistan\">\u00d6zbekistan<\/option><option value=\"Vanuatu\">Vanuatu<\/option><option value=\"Venezuella \">Venezuella <\/option><option value=\"Vietnam\">Vietnam<\/option><option value=\"Virgin Adalar\u0131 (\u0130ngiliz)\">Virgin Adalar\u0131 (\u0130ngiliz)<\/option><option value=\"Virgin Adalar\u0131 (ABD)\">Virgin Adalar\u0131 (ABD)<\/option><option value=\"Wallis ve Futuna Adalar\u0131\">Wallis ve Futuna Adalar\u0131<\/option><option value=\"Western Sahara\">Western Sahara<\/option><option value=\"Yemen\">Yemen<\/option><option value=\"Yugoslavya\">Yugoslavya<\/option><option value=\"Zambiya\">Zambiya<\/option><option value=\"Zimbabve\">Zimbabve<\/option><\/select><\/div><\/div><\/div><\/div><\/div><\/div><div class=\"quform-element quform-element-select quform-element-10_28 quform-cf quform-element-optional\"><div class=\"quform-spacer\"><div class=\"quform-label quform-label-10_28\"><label class=\"quform-label-text\" for=\"quform_10_28_0a2798\">Subject<\/label><\/div><div class=\"quform-inner quform-inner-select quform-inner-10_28\"><div class=\"quform-input quform-input-select quform-input-10_28 quform-cf\"><select id=\"quform_10_28_0a2798\" name=\"quform_10_28\" class=\"quform-field quform-field-select quform-field-10_28\"><option value=\"\" selected=\"selected\">Please select<\/option><option value=\"Spare Parts\">Spare Parts<\/option><option value=\"Used Machines\">Used Machines<\/option><option value=\"Services\">Services<\/option><option value=\"General\">General<\/option><\/select><\/div><\/div><\/div><\/div><div class=\"quform-element quform-element-textarea quform-element-10_29 quform-cf quform-element-optional\"><div class=\"quform-spacer\"><div class=\"quform-label quform-label-10_29\"><label class=\"quform-label-text\" for=\"quform_10_29_0a2798\">Your Message<\/label><\/div><div class=\"quform-inner quform-inner-textarea quform-inner-10_29\"><div class=\"quform-input quform-input-textarea quform-input-10_29 quform-cf\"><textarea id=\"quform_10_29_0a2798\" name=\"quform_10_29\" class=\"quform-field quform-field-textarea quform-field-10_29\"><\/textarea><\/div><\/div><\/div><\/div><div class=\"quform-element quform-element-submit quform-element-10_2 quform-cf quform-button-style-theme quform-button-width-full\"><div class=\"quform-button-submit quform-button-submit-default quform-button-submit-10_2\"><button name=\"quform_submit\" type=\"submit\" class=\"quform-submit\" value=\"submit\"><span class=\"quform-button-text quform-button-submit-text\">SEND<\/span><\/button><\/div><div class=\"quform-loading quform-loading-position-left quform-loading-type-spinner-1\"><div class=\"quform-loading-inner\"><div class=\"quform-loading-spinner\"><div class=\"quform-loading-spinner-inner\"><\/div><\/div><\/div><\/div><\/div><div class=\"quform-element-tree\"><label for=\"quform_10_0_0a2798\">This field should be left blank<\/label><input type=\"text\" id=\"quform_10_0_0a2798\" name=\"quform_10_0\" class=\"quform-field quform-field-tree quform-field-10_0\" tabindex=\"-1\" autocomplete=\"off\" \/><\/div><\/div><\/div><\/div><\/div><\/form><\/div>\n<\/div>\n\t\t<\/div>\n\t\t\t\t\t<\/div>\n\n\t\n<\/div>\n\t\t<\/div>\n\t\t\t\t\n<style>\n#col-262212123 > .col-inner {\n  margin: 20px 0px 0px 0px;\n}\n<\/style>\n\t<\/div>\n\n\t\n<\/div>\n\t\t<\/div>\n\n\t\t\n<style>\n#section_1845453384 {\n  padding-top: 0px;\n  padding-bottom: 0px;\n  background-color: rgb(245, 245, 245);\n}\n#section_1845453384 .ux-shape-divider--top svg {\n  height: 150px;\n  --divider-top-width: 100%;\n}\n#section_1845453384 .ux-shape-divider--bottom svg {\n  height: 150px;\n  --divider-width: 100%;\n}\n<\/style>\n\t<\/section>\n\t\n","protected":false},"excerpt":{"rendered":"","protected":false},"author":1,"featured_media":0,"parent":0,"menu_order":0,"comment_status":"closed","ping_status":"closed","template":"page-blank.php","meta":{"footnotes":""},"class_list":["post-2780","page","type-page","status-publish","hentry"],"acf":[],"_links":{"self":[{"href":"https:\/\/adesandelici.com\/en\/wp-json\/wp\/v2\/pages\/2780","targetHints":{"allow":["GET"]}}],"collection":[{"href":"https:\/\/adesandelici.com\/en\/wp-json\/wp\/v2\/pages"}],"about":[{"href":"https:\/\/adesandelici.com\/en\/wp-json\/wp\/v2\/types\/page"}],"author":[{"embeddable":true,"href":"https:\/\/adesandelici.com\/en\/wp-json\/wp\/v2\/users\/1"}],"replies":[{"embeddable":true,"href":"https:\/\/adesandelici.com\/en\/wp-json\/wp\/v2\/comments?post=2780"}],"version-history":[{"count":0,"href":"https:\/\/adesandelici.com\/en\/wp-json\/wp\/v2\/pages\/2780\/revisions"}],"wp:attachment":[{"href":"https:\/\/adesandelici.com\/en\/wp-json\/wp\/v2\/media?parent=2780"}],"curies":[{"name":"wp","href":"https:\/\/api.w.org\/{rel}","templated":true}]}}