{"id":2783,"date":"2022-02-20T15:48:49","date_gmt":"2022-02-20T12:48:49","guid":{"rendered":"https:\/\/adesandelici.com\/?page_id=2783"},"modified":"2023-04-24T12:27:16","modified_gmt":"2023-04-24T09:27:16","slug":"services","status":"publish","type":"page","link":"http:\/\/adesandelici.com\/en\/services\/","title":{"rendered":"Services"},"content":{"rendered":"\t<section class=\"section\" id=\"section_822312736\">\n\t\t<div class=\"bg section-bg fill bg-fill  bg-loaded\" >\n\n\t\t\t\n\t\t\t\n\t\t\t\n\n\t\t<\/div>\n\n\t\t\n\n\t\t<div class=\"section-content relative\">\n\t\t\t\n<div class=\"row row-collapse row-full-width\"  id=\"row-571445456\">\n\n\t<div id=\"col-1947853167\" class=\"col small-12 large-12\"  >\n\t\t\t\t<div class=\"col-inner\"  >\n\t\t\t\n\t\t\t\n\n  <div class=\"banner has-hover\" id=\"banner-549886659\">\n          <div class=\"banner-inner fill\">\n        <div class=\"banner-bg fill\" >\n            <div class=\"bg fill bg-fill \"><\/div>\n                                    \n                    <\/div>\n\t\t\n        <div class=\"banner-layers container\">\n            <div class=\"fill banner-link\"><\/div>            \n   <div id=\"text-box-43072618\" class=\"text-box banner-layer hide-for-small x100 md-x100 lg-x100 y10 md-y10 lg-y10 res-text\">\n                     <div data-animate=\"fadeInRight\">           <div class=\"text-box-content text dark\">\n              \n              <div class=\"text-inner text-right\">\n                  \n\t<div id=\"text-645898689\" class=\"text\">\n\t\t\n<p style=\"line-height: 1.3em; font-weight: 900; font-size: 2.2em;\">ROCK DRILLING CONSTRUCTION MACHINES SPARE PARTS<\/p>\n\t\t\n<style>\n#text-645898689 {\n  text-align: right;\n}\n<\/style>\n\t<\/div>\n\t\n              <\/div>\n           <\/div>\n       <\/div>                     \n<style>\n#text-box-43072618 .text-box-content {\n  background-color: rgb(0, 0, 0);\n  font-size: 100%;\n}\n#text-box-43072618 .text-inner {\n  padding: 10px 115px 13px 10px;\n}\n#text-box-43072618 {\n  width: 49%;\n}\n@media (min-width:850px) {\n  #text-box-43072618 {\n    width: 32%;\n  }\n}\n<\/style>\n    <\/div>\n \n   <div id=\"text-box-239523169\" class=\"text-box banner-layer show-for-small x100 md-x100 lg-x100 y10 md-y10 lg-y10 res-text\">\n                     <div data-animate=\"fadeInRight\">           <div class=\"text-box-content text dark\">\n              \n              <div class=\"text-inner text-right\">\n                  \n\t<div id=\"text-148097365\" class=\"text\">\n\t\t\n<p style=\"line-height: 1.2em; font-weight: 900; font-size: 1.7em;\">KAYA DEL\u0130C\u0130 \u0130\u015e MAK\u0130NALARI YEDEK PAR\u00c7A VE SERV\u0130S H\u0130ZMETLER\u0130<\/h3>\n\t\t\n<style>\n#text-148097365 {\n  text-align: right;\n}\n<\/style>\n\t<\/div>\n\t\n              <\/div>\n           <\/div>\n       <\/div>                     \n<style>\n#text-box-239523169 .text-box-content {\n  background-color: rgba(0, 0, 0, 0.698);\n  font-size: 100%;\n}\n#text-box-239523169 .text-inner {\n  padding: 10px 23px 13px 10px;\n}\n#text-box-239523169 {\n  width: 57%;\n}\n@media (min-width:550px) {\n  #text-box-239523169 .text-inner {\n    padding: 10px 115px 13px 10px;\n  }\n  #text-box-239523169 {\n    width: 49%;\n  }\n}\n@media (min-width:850px) {\n  #text-box-239523169 {\n    width: 32%;\n  }\n}\n<\/style>\n    <\/div>\n \n   <div id=\"text-box-2060251272\" class=\"text-box banner-layer hidden x100 md-x100 lg-x100 y80 md-y80 lg-y80 res-text\">\n                     <div data-animate=\"fadeInUp\">           <div class=\"text-box-content text dark\">\n              \n              <div class=\"text-inner text-center\">\n                  \n\t<div class=\"img has-hover x md-x lg-x y md-y lg-y\" id=\"image_1216629607\">\n\t\t\t\t\t\t\t\t<div class=\"img-inner dark\" >\n\t\t\t<img decoding=\"async\" src=\"https:\/\/adesandelici.com\/wp-content\/uploads\/2022\/02\/DLC-Group-Logo-White-2.svg\" class=\"attachment-original size-original\" alt=\"\" title=\"\">\t\t\t\t\t\t\n\t\t\t\t\t<\/div>\n\t\t\t\t\t\t\t\t\n<style>\n#image_1216629607 {\n  width: 90%;\n}\n<\/style>\n\t<\/div>\n\t\n              <\/div>\n           <\/div>\n       <\/div>                     \n<style>\n#text-box-2060251272 .text-box-content {\n  background-color: rgb(255, 95, 0);\n  font-size: 100%;\n}\n#text-box-2060251272 .text-inner {\n  padding: 15px 74px 15px 0px;\n}\n#text-box-2060251272 {\n  width: 49%;\n}\n@media (min-width:850px) {\n  #text-box-2060251272 {\n    width: 32%;\n  }\n}\n<\/style>\n    <\/div>\n \n        <\/div>\n      <\/div>\n\n            \n<style>\n#banner-549886659 {\n  padding-top: 280px;\n  background-color: rgb(255,255,255);\n}\n#banner-549886659 .bg.bg-loaded {\n  background-image: url(https:\/\/adesandelici.com\/wp-content\/uploads\/2022\/02\/Banner-10.jpg);\n}\n#banner-549886659 .ux-shape-divider--top svg {\n  height: 150px;\n  --divider-top-width: 100%;\n}\n#banner-549886659 .ux-shape-divider--bottom svg {\n  height: 150px;\n  --divider-width: 100%;\n}\n@media (min-width:550px) {\n  #banner-549886659 {\n    padding-top: 550px;\n  }\n}\n<\/style>\n  <\/div>\n\n\n\t\t<\/div>\n\t\t\t\t\t<\/div>\n\n\t\n<\/div>\n\t\t<\/div>\n\n\t\t\n<style>\n#section_822312736 {\n  padding-top: 0px;\n  padding-bottom: 0px;\n}\n#section_822312736 .ux-shape-divider--top svg {\n  height: 150px;\n  --divider-top-width: 100%;\n}\n#section_822312736 .ux-shape-divider--bottom svg {\n  height: 150px;\n  --divider-width: 100%;\n}\n<\/style>\n\t<\/section>\n\t\n\t<section class=\"section\" id=\"section_980394707\">\n\t\t<div class=\"bg section-bg fill bg-fill  bg-loaded\" >\n\n\t\t\t\n\t\t\t\n\t\t\t\n\n\t\t<\/div>\n\n\t\t\n\n\t\t<div class=\"section-content relative\">\n\t\t\t\n<div class=\"row\"  id=\"row-269934541\">\n\n\t<div id=\"col-1362709131\" class=\"col large-12\"  >\n\t\t\t\t<div class=\"col-inner\"  >\n\t\t\t\n\t\t\t\n<h1 style=\"font-size: 2em; font-weight: 900;\">Reach the Right Solution with ADESAN<\/h1>\n<div style=\"font-size: 1.3em; font-weight: 400;\">\n<p>Since its foundation in 2010, Adesan has been operating in the Ivedik Organized Industrial Zone in Ankara. Adesan is engaged in all types of maintenance, repair, production of spare parts and sa- les of hydraulic pneumatic drilling machines used in mining and quarrying, all earthworks, drilling and blasting and construction work.<\/p>\n<p>With 26 years of experience and experienced employees in every field, in 2016, Adesan has taken a leading position of import and export, thus becoming successful in its sector. Adesan, being a me- dium-sized company, from the very first moment of its foundation and in a short time, has gained recognition in its industry due to the high quality of work and its determination to succeed in its bu- siness.<\/p>\n<p>The strong principles of the company are constant quality, service, timely delivery and reasonable price.<\/p>\n<p>Based on the principle of &#8220;Honesty and Quality of Service is the Guarantee of Success and Continuity&#8221;, Adesan continues to serve you today and into the future, and expresses its gratitude to you for the knowledge and experience that we have, as well as the keen interest and support shown by our valued customers.<\/p>\n<\/div>\n\t\t<\/div>\n\t\t\t\t\n<style>\n#col-1362709131 > .col-inner {\n  margin: 20px 0px 0px 0px;\n}\n<\/style>\n\t<\/div>\n\n\t\n\n\n\t<div id=\"col-1990072472\" class=\"col medium-6 small-12 large-4\"  >\n\t\t\t\t<div class=\"col-inner\"  >\n\t\t\t\n\t\t\t\n<a href=\"\/en\/services\/service-offer-form\/\" target=\"_self\" class=\"button secondary is-large expand\"  style=\"border-radius:10px;\">\n    <span>GET SERVICE OFFER<\/span>\n  <\/a>\n\n\t\t<\/div>\n\t\t\t\t\t<\/div>\n\n\t\n\n<\/div>\n\t\t<\/div>\n\n\t\t\n<style>\n#section_980394707 {\n  padding-top: 0px;\n  padding-bottom: 0px;\n  background-color: rgb(240, 240, 240);\n}\n#section_980394707 .ux-shape-divider--top svg {\n  height: 150px;\n  --divider-top-width: 100%;\n}\n#section_980394707 .ux-shape-divider--bottom svg {\n  height: 150px;\n  --divider-width: 100%;\n}\n<\/style>\n\t<\/section>\n\t\n\t<section class=\"section\" id=\"section_1547693943\">\n\t\t<div class=\"bg section-bg fill bg-fill  bg-loaded\" >\n\n\t\t\t\n\t\t\t\n\t\t\t\n\n\t\t<\/div>\n\n\t\t\n\n\t\t<div class=\"section-content relative\">\n\t\t\t\n<div class=\"row row-collapse row-full-width align-middle\"  id=\"row-1615439638\">\n\n\t<div id=\"col-398183570\" class=\"col large-12\"  >\n\t\t\t\t<div class=\"col-inner\"  >\n\t\t\t\n\t\t\t\n\n  <div class=\"banner has-hover\" id=\"banner-208072677\">\n          <div class=\"banner-inner fill\">\n        <div class=\"banner-bg fill\" >\n            <div class=\"bg fill bg-fill \"><\/div>\n                                    \n                    <\/div>\n\t\t\n        <div class=\"banner-layers container\">\n            <div class=\"fill banner-link\"><\/div>            \n   <div id=\"text-box-593499653\" class=\"text-box banner-layer x5 md-x5 lg-x5 y50 md-y50 lg-y50 res-text\">\n                                <div class=\"text-box-content text dark\">\n              \n              <div class=\"text-inner text-center\">\n                  \n\t<div id=\"text-2712225998\" class=\"text\">\n\t\t\n<p style=\"font-size: 2.7em; font-weight: 900;\">DOMESTIC AND INTERNATIONAL 24\/7 QUALITY AND SAFE SERVICE WITH EXPERT TECHNICAL SERVICE TEAM<\/p>\n\t\t\n<style>\n#text-2712225998 {\n  text-align: left;\n}\n<\/style>\n\t<\/div>\n\t\n              <\/div>\n           <\/div>\n                            \n<style>\n#text-box-593499653 {\n  width: 56%;\n}\n#text-box-593499653 .text-box-content {\n  font-size: 67%;\n}\n@media (min-width:550px) {\n  #text-box-593499653 {\n    width: 47%;\n  }\n  #text-box-593499653 .text-box-content {\n    font-size: 90%;\n  }\n}\n@media (min-width:850px) {\n  #text-box-593499653 {\n    width: 34%;\n  }\n  #text-box-593499653 .text-box-content {\n    font-size: 100%;\n  }\n}\n<\/style>\n    <\/div>\n \n        <\/div>\n      <\/div>\n\n            \n<style>\n#banner-208072677 {\n  padding-top: 280px;\n}\n#banner-208072677 .bg.bg-loaded {\n  background-image: url(https:\/\/adesandelici.com\/wp-content\/uploads\/2021\/11\/Servis-Destek-Banner.jpg);\n}\n#banner-208072677 .bg {\n  background-position: 65% 54%;\n}\n#banner-208072677 .ux-shape-divider--top svg {\n  height: 150px;\n  --divider-top-width: 100%;\n}\n#banner-208072677 .ux-shape-divider--bottom svg {\n  height: 150px;\n  --divider-width: 100%;\n}\n@media (min-width:550px) {\n  #banner-208072677 {\n    padding-top: 450px;\n  }\n}\n@media (min-width:850px) {\n  #banner-208072677 {\n    padding-top: 555px;\n  }\n}\n<\/style>\n  <\/div>\n\n\n\t\t<\/div>\n\t\t\t\t\t<\/div>\n\n\t\n<\/div>\n\t\t<\/div>\n\n\t\t\n<style>\n#section_1547693943 {\n  padding-top: 0px;\n  padding-bottom: 0px;\n  background-color: rgb(255,255,255);\n}\n#section_1547693943 .ux-shape-divider--top svg {\n  height: 150px;\n  --divider-top-width: 100%;\n}\n#section_1547693943 .ux-shape-divider--bottom svg {\n  height: 150px;\n  --divider-width: 100%;\n}\n<\/style>\n\t<\/section>\n\t\n<span class=\"scroll-to\" data-label=\"Scroll to: #servisformu\" data-bullet=\"false\" data-link=\"#servisformu\" data-title=\"#servisformu\"><a name=\"servisformu\"><\/a><\/span>\n","protected":false},"excerpt":{"rendered":"","protected":false},"author":1,"featured_media":0,"parent":0,"menu_order":0,"comment_status":"closed","ping_status":"closed","template":"page-blank.php","meta":{"footnotes":""},"class_list":["post-2783","page","type-page","status-publish","hentry"],"acf":[],"_links":{"self":[{"href":"https:\/\/adesandelici.com\/en\/wp-json\/wp\/v2\/pages\/2783","targetHints":{"allow":["GET"]}}],"collection":[{"href":"https:\/\/adesandelici.com\/en\/wp-json\/wp\/v2\/pages"}],"about":[{"href":"https:\/\/adesandelici.com\/en\/wp-json\/wp\/v2\/types\/page"}],"author":[{"embeddable":true,"href":"https:\/\/adesandelici.com\/en\/wp-json\/wp\/v2\/users\/1"}],"replies":[{"embeddable":true,"href":"https:\/\/adesandelici.com\/en\/wp-json\/wp\/v2\/comments?post=2783"}],"version-history":[{"count":0,"href":"https:\/\/adesandelici.com\/en\/wp-json\/wp\/v2\/pages\/2783\/revisions"}],"wp:attachment":[{"href":"https:\/\/adesandelici.com\/en\/wp-json\/wp\/v2\/media?parent=2783"}],"curies":[{"name":"wp","href":"https:\/\/api.w.org\/{rel}","templated":true}]}}