{"id":2797,"date":"2022-03-20T10:22:44","date_gmt":"2022-03-20T07:22:44","guid":{"rendered":"https:\/\/adesandelici.com\/?page_id=2797"},"modified":"2023-04-23T14:54:09","modified_gmt":"2023-04-23T11:54:09","slug":"cookie-policy","status":"publish","type":"page","link":"http:\/\/adesandelici.com\/en\/cookie-policy\/","title":{"rendered":"Cookie Policy"},"content":{"rendered":"\t<section class=\"section\" id=\"section_303660990\">\n\t\t<div class=\"bg section-bg fill bg-fill  bg-loaded\" >\n\n\t\t\t\n\t\t\t\n\t\t\t\n\n\t\t<\/div>\n\n\t\t\n\n\t\t<div class=\"section-content relative\">\n\t\t\t\n<div class=\"row\"  id=\"row-533406695\">\n\n\t<div id=\"col-535832931\" class=\"col small-12 large-12\"  >\n\t\t\t\t<div class=\"col-inner\"  >\n\t\t\t\n\t\t\t\n<h1 style=\"font-size: 1.5em;\">COOKIE POLICY<\/h1>\n<h2 style=\"font-size: 1.2em;\">TERMS OF THE DEAL<\/h2>\n<p>This Cookie Policy is signed by ADESAN DEL\u0130C\u0130 \u0130\u015e MAK\u0130NALARI \u0130N\u015eAAT EMLAK OTOMOT\u0130V SANAY\u0130 VE T\u0130CARET L\u0130M\u0130TED \u015e\u0130RKET\u0130 (&#8220;Company&#8221;, &#8220;we&#8221;, &#8220;us&#8221; and &#8220;our&#8221;) https:\/\/adesandelici.com(&#8220;Websites&#8221;) explains how it uses cookies and similar technologies to recognize you when you visit our websites. It describes the technologies used, why they are used, and also your right to control usage.<\/p>\n<p>Cookies may be used to collect personal information in some cases or may become personal information if the collected information is combined with other information.<\/p>\n<h3 style=\"font-size: 1.1em;\">What is a cookie?<\/h3>\n<p>Cookies are small data files placed on your computer or mobile device when you visit a website. Cookies are generally used by website owners to run websites or provide more efficient operation. It is also used to obtain information for reporting.<\/p>\n<p>Cookies set by the website owner (in this case, ADESAN DELICI \u0130\u015e MAK\u0130NALARI \u0130N\u015eAAT EMLAK OTOMOT\u0130V SANAY\u0130 VE T\u0130CARET L\u0130M\u0130TED \u015e\u0130RKET\u0130) are called &#8220;first party cookies&#8221;. Cookies set by parties other than the website owner are called &#8220;third party cookies&#8221;. Third party cookies, It allows third-party functions to be provided on or through the website (such as advertising, interactive content, and analytics.) Parties that set third-party cookies may recognize your computer both when you visit that website and when you visit certain other websites.<\/p>\n<h3 style=\"font-size: 1.1em;\">Why do we use cookies?<\/h3>\n<p>So-called &#8220;essential&#8221; or &#8220;strictly necessary&#8221; cookies are used to make our websites work for technical reasons. Other cookies also allow us to track the interests of our users, which is our goal to improve the experience on our Online Properties. Third-party cookies also offer advertising and analytics opportunities. These possibilities are described in more detail below.<\/p>\n<h3 style=\"font-size: 1.1em;\">How can you control cookies?<\/h3>\n<p>You have the right to accept or refuse cookies. You can set your preferences and manage your cookie rights from the Cookie Permission Manager. Cookie Permission Manager allows you to choose which categories of cookies to accept or reject. Essential cookies cannot be refused as they are strictly necessary to provide you with service.<\/p>\n<p>The Cookie Permission Manager can be found on our website and in the notification banner. When you choose to refuse cookies, you can continue to use our website even if your access to some functions and areas of our website is restricted. You can set or change your web browser controls to accept or reject cookies. The methods by which you can refuse cookies via your web browser controls differ from browser to browser, so you should visit your browser&#8217;s help menu for more information.<\/p>\n<p>In addition, most ad networks offer you a way to disable targeted advertising. If you would like to learn more, please visit http:\/\/www.aboutads.info\/choices\/ or http:\/\/www.youronlinechoices.com.<\/p>\n<p>The specific types of first- and third-party cookie information served through our Websites and the purposes they serve are described in the table below (please note that the specific cookie information offered may vary depending on the specific Online Features you visit):<\/p>\n\t\t<\/div>\n\t\t\t\t\t<\/div>\n\n\t\n\n\t<div id=\"col-2056840795\" class=\"col small-12 large-12\"  >\n\t\t\t\t<div class=\"col-inner\"  >\n\t\t\t\n\t\t\t\n<h2 style=\"font-size: 1.2em;\">Essential website cookies:<\/h2>\n<p>These cookies are necessary to provide services to you through our Websites and to use certain features, such as access to secure areas.<\/p>\n<p>Name: __tlbcpv<br \/>Purpose: Used to record unique visitor views of the consent banner.<br \/>Type: http_cookie<br \/>Expires in: 1 year<\/p>\n\t\t<\/div>\n\t\t\t\t\t<\/div>\n\n\t\n\n\t<div id=\"col-189712852\" class=\"col small-12 large-12\"  >\n\t\t\t\t<div class=\"col-inner\"  >\n\t\t\t\n\t\t\t\n<h2 style=\"font-size: 1.2em;\">Analytics and customization cookies:<\/h2>\n<p>These cookies collect information that is used in aggregate to help us both understand how our Websites are used or how effective our marketing campaigns are, and to help us customize our Websites for you.<\/p>\n<p>Name: _gat#<br \/>Purpose: Enables Google Analytics regulate the rate of requesting. It is a HTTP cookie type that lasts for a session.<br \/>Provider: .adesandelici.com<br \/>Service: Google Analytics\u00a0View Service Privacy Policy\u00a0\u00a0<br \/>Country: Bulgaria<br \/>Type: http_cookie<br \/>Expires in: 1 minute<br \/>Name: #collect<br \/>Purpose: Sends data such as visitor\u2019s behavior and device to Google Analytics. It is able to keep track of the visitor across marketing channels and devices. It is a pixel tracker type cookie whose activity lasts within the browsing session.<br \/>Provider: www.adesandelici.com<br \/>Service: Google Analytics\u00a0View Service Privacy Policy\u00a0\u00a0<br \/>Country: United States<br \/>Type: pixel_tracker<br \/>Expires in: session<br \/>Name: _gid<br \/>Purpose: Keeps an entry of unique ID which is then used to come up with statistical data on website usage by visitors. It is a HTTP cookie type and expires after a browsing session.<br \/>Provider: .adesandelici.com<br \/>Service: Google Analytics\u00a0View Service Privacy Policy\u00a0\u00a0<br \/>Country: Bulgaria<br \/>Type: http_cookie<br \/>Expires in: 1 day<br \/>Name: _ga<br \/>Purpose: It records a particular ID used to come up with data about website usage by the user. It is a HTTP cookie that expires after 2 years.<br \/>Provider: .adesandelici.com<br \/>Service: Google Analytics\u00a0View Service Privacy Policy\u00a0\u00a0<br \/>Country: Bulgaria<br \/>Type: http_cookie<br \/>Expires in: 1 year 11 months 29 days<br \/>Name: Google Analytics<br \/>Purpose: __________<br \/>Provider: Google Inc.<br \/>Service: __________ \u00a0<br \/>Country: United States<br \/>Type: http_cookie<br \/>Expires in: __________<\/p>\n\t\t<\/div>\n\t\t\t\t\t<\/div>\n\n\t\n\n\t<div id=\"col-2055571587\" class=\"col small-12 large-12\"  >\n\t\t\t\t<div class=\"col-inner\"  >\n\t\t\t\n\t\t\t\n<h2 style=\"font-size: 1.2em;\">Advertising cookies:<\/h2>\n<p>These cookies are used to make ads more relevant to you. They perform functions such as preventing the same ad from reappearing repeatedly, ensuring that ads are displayed appropriately for advertisers, and in some cases selecting ads that match your interests.<\/p>\n<p>Name: ga-audiences<br \/>Purpose: Used by Google AdWords to re-engage visitors that are likely to convert to customers based on the visitor\u2019s online behaviour across websites<br \/>Provider: www.adesandelici.com<br \/>Service: AdWords\u00a0View Service Privacy Policy\u00a0\u00a0<br \/>Country: United States<br \/>Type: pixel_tracker<br \/>Expires in: session<\/p>\n\t\t<\/div>\n\t\t\t\t\t<\/div>\n\n\t\n\n\t<div id=\"col-1745650430\" class=\"col small-12 large-12\"  >\n\t\t\t\t<div class=\"col-inner\"  >\n\t\t\t\n\t\t\t\n<h2 style=\"font-size: 1.2em;\">Unclassified cookies:<\/h2>\n<p>These cookies are uncategorized. We are in the process of classifying these cookies with the help of their providers.<\/p>\n<p>Name: wp-wpml_current_language<br \/>Purpose: __________<br \/>Provider: www.adesandelici.com<br \/>Service: __________ \u00a0<br \/>Country: Bulgaria<br \/>Type: http_cookie<br \/>Expires in: 1 day<br \/>Name: quform_session_754a6d66aba5555fcc0f81adfcb1c456<br \/>Purpose: __________<br \/>Provider: www.adesandelici.com<br \/>Service: __________ \u00a0<br \/>Country: Bulgaria<br \/>Type: server_cookie<br \/>Expires in: session<br \/>Name: quform_session_754a6d66aba5555fcc0f81adfcb1c456<br \/>Purpose: __________<br \/>Provider: adesandelici.com<br \/>Service: __________ \u00a0<br \/>Country: Bulgaria<br \/>Type: server_cookie<br \/>Expires in: session<\/p>\n\t\t<\/div>\n\t\t\t\t\t<\/div>\n\n\t\n\n\t<div id=\"col-934597200\" class=\"col small-12 large-12\"  >\n\t\t\t\t<div class=\"col-inner\"  >\n\t\t\t\n\t\t\t\n<h2 style=\"font-size: 1.2em;\">What about other tracking technologies like web beacons?<\/h2>\n<p>Cookies are not the only way to recognize or track visitors to a website. From time to time, we may also use other similar technologies, such as web beacons (sometimes called &#8220;tracking pixels&#8221; or &#8220;clear gifs&#8221;). These are small graphic files that allow us to recognize when someone visits our Websites or opens an email containing them. This allows, for example, to monitor users&#8217; traffic patterns from one page on a website to another, serve or communicate with cookies, understand if you came to the website from an online advertisement displayed on a third-party website, improve site performance, and measure the success of email marketing campaigns. . In most instances these technologies rely on cookies to work properly and therefore rejecting cookies will break their functionality.<\/p>\n\t\t<\/div>\n\t\t\t\t\t<\/div>\n\n\t\n\n\t<div id=\"col-2009153558\" class=\"col small-12 large-12\"  >\n\t\t\t\t<div class=\"col-inner\"  >\n\t\t\t\n\t\t\t\n<h2 style=\"font-size: 1.2em;\">Are you using Flash cookies or Local Shared Objects?<\/h2>\n<p>Websites may use &#8220;Flash Cookies&#8221; (also known as Local Shared Objects or &#8220;LSOs&#8221;) to, among other things, collect and store information about your use of our services, fraud prevention and other site operations.<\/p>\n<p>If you do not want Flash Cookies to be stored on your computer, you can adjust your Flash player&#8217;s settings to prevent Flash Cookies from being stored using the tools available in the Website Storage Settings Panel. Also, by going to the Global Storage Settings Panel and following the instructions (which may include, for example, instructions explaining how to delete existing Flash Cookies (referred to as &#8220;information&#8221; on the Macromedia site), Flash LSOs are not unintentionally placed on your computer) and (for Flash Player 8 and later) you are currently in. how to block Flash Cookies that are not delivered by the operator of the page).<\/p>\n<p>Please note that setting Flash Player to restrict or limit the acceptance of Flash Cookies may potentially reduce or prevent the functionality of some Flash applications, including Flash applications used in connection with our services or online content.<\/p>\n\t\t<\/div>\n\t\t\t\t\t<\/div>\n\n\t\n\n\t<div id=\"col-415829590\" class=\"col small-12 large-12\"  >\n\t\t\t\t<div class=\"col-inner\"  >\n\t\t\t\n\t\t\t\n<h2 style=\"font-size: 1.2em;\">Do you do targeted advertising?<\/h2>\n<p>Third parties may place cookies on your computer or mobile device to serve advertisements through our Websites. These companies may use information about your visits to this and other websites to serve relevant advertisements about goods and services that may be of interest to you. They may also use the technology used to measure the effectiveness of advertisements. This may be accomplished by using cookies or web beacons to collect information about your visits to these and other sites to serve ads relevant to products and services that may be of interest to you. Information collected through this process unless you choose to provide them; does not allow us or them to identify your name, contact information, or other details that directly identify you.<\/p>\n\t\t<\/div>\n\t\t\t\t\t<\/div>\n\n\t\n\n\t<div id=\"col-581617111\" class=\"col small-12 large-12\"  >\n\t\t\t\t<div class=\"col-inner\"  >\n\t\t\t\n\t\t\t\n<h2 style=\"font-size: 1.2em;\">How often will you update this Cookie Policy?<\/h2>\n<p>We may update this Cookie Policy from time to time for legal or regulatory reasons to reflect changes in the cookies we use or for other operational reasons. Therefore, please revisit this Cookie Policy regularly to stay informed about our use of cookies and related technologies.<\/p>\n\t\t<\/div>\n\t\t\t\t\t<\/div>\n\n\t\n\n\t<div id=\"col-506085738\" class=\"col small-12 large-12\"  >\n\t\t\t\t<div class=\"col-inner\"  >\n\t\t\t\n\t\t\t\n<h2 style=\"font-size: 1.2em;\">Where can I get more information?<\/h2>\n<p>If you have any questions about our use of cookies or other technologies, please email us at info@adesandelici.com or mail us at:<\/p>\n\t\t<\/div>\n\t\t\t\t\t<\/div>\n\n\t\n\n\t<div id=\"col-1304850641\" class=\"col small-12 large-12\"  >\n\t\t\t\t<div class=\"col-inner\"  >\n\t\t\t\n\t\t\t\n<p>ADESAN DEL\u0130C\u0130 \u0130\u015e MAK\u0130NALARI \u0130N\u015eAAT EMLAK<br \/>OTOMOT\u0130V SANAY\u0130 VE T\u0130CARET L\u0130M\u0130TED \u015e\u0130RKET\u0130<br \/>\u0130vedik Organize Sanayi B\u00f6lgesi 1468 Cadde<br \/>No:91 Yenimahalle, ANKARA, T\u00dcRK\u0130YE<br \/>Phone: (+90)312 3944 770<\/p>\n\t\t<\/div>\n\t\t\t\t\t<\/div>\n\n\t\n<\/div>\n\t\t<\/div>\n\n\t\t\n<style>\n#section_303660990 {\n  padding-top: 30px;\n  padding-bottom: 30px;\n}\n#section_303660990 .ux-shape-divider--top svg {\n  height: 150px;\n  --divider-top-width: 100%;\n}\n#section_303660990 .ux-shape-divider--bottom svg {\n  height: 150px;\n  --divider-width: 100%;\n}\n<\/style>\n\t<\/section>\n\t\n","protected":false},"excerpt":{"rendered":"","protected":false},"author":1,"featured_media":0,"parent":0,"menu_order":0,"comment_status":"closed","ping_status":"closed","template":"","meta":{"footnotes":""},"class_list":["post-2797","page","type-page","status-publish","hentry"],"acf":[],"_links":{"self":[{"href":"https:\/\/adesandelici.com\/en\/wp-json\/wp\/v2\/pages\/2797","targetHints":{"allow":["GET"]}}],"collection":[{"href":"https:\/\/adesandelici.com\/en\/wp-json\/wp\/v2\/pages"}],"about":[{"href":"https:\/\/adesandelici.com\/en\/wp-json\/wp\/v2\/types\/page"}],"author":[{"embeddable":true,"href":"https:\/\/adesandelici.com\/en\/wp-json\/wp\/v2\/users\/1"}],"replies":[{"embeddable":true,"href":"https:\/\/adesandelici.com\/en\/wp-json\/wp\/v2\/comments?post=2797"}],"version-history":[{"count":0,"href":"https:\/\/adesandelici.com\/en\/wp-json\/wp\/v2\/pages\/2797\/revisions"}],"wp:attachment":[{"href":"https:\/\/adesandelici.com\/en\/wp-json\/wp\/v2\/media?parent=2797"}],"curies":[{"name":"wp","href":"https:\/\/api.w.org\/{rel}","templated":true}]}}