{"id":3146,"date":"2022-02-20T18:14:18","date_gmt":"2022-02-20T15:14:18","guid":{"rendered":"https:\/\/adesandelici.com\/?page_id=3146"},"modified":"2023-04-25T12:32:06","modified_gmt":"2023-04-25T09:32:06","slug":"%d0%bf%d0%be%d0%b4%d0%b5%d1%80%d0%b6%d0%b0%d0%bd%d0%bd%d1%8b%d0%b5-%d0%bc%d0%b0%d1%88%d0%b8%d0%bd%d1%8b","status":"publish","type":"page","link":"http:\/\/adesandelici.com\/ru\/%D0%BF%D0%BE%D0%B4%D0%B5%D1%80%D0%B6%D0%B0%D0%BD%D0%BD%D1%8B%D0%B5-%D0%BC%D0%B0%D1%88%D0%B8%D0%BD%D1%8B\/","title":{"rendered":"\u041f\u043e\u0434\u0435\u0440\u0436\u0430\u043d\u043d\u044b\u0435 \u043c\u0430\u0448\u0438\u043d\u044b"},"content":{"rendered":"\t<section class=\"section\" id=\"section_1278031849\">\n\t\t<div class=\"bg section-bg fill bg-fill  bg-loaded\" >\n\n\t\t\t\n\t\t\t\n\t\t\t\n\n\t\t<\/div>\n\n\t\t\n\n\t\t<div class=\"section-content relative\">\n\t\t\t\n<div class=\"row row-collapse row-full-width\"  id=\"row-195754240\">\n\n\t<div id=\"col-731543820\" class=\"col small-12 large-12\"  >\n\t\t\t\t<div class=\"col-inner\"  >\n\t\t\t\n\t\t\t\n\n  <div class=\"banner has-hover\" id=\"banner-501901329\">\n          <div class=\"banner-inner fill\">\n        <div class=\"banner-bg fill\" >\n            <div class=\"bg fill bg-fill \"><\/div>\n                                    \n                    <\/div>\n\t\t\n        <div class=\"banner-layers container\">\n            <div class=\"fill banner-link\"><\/div>            \n   <div id=\"text-box-2140921854\" class=\"text-box banner-layer hidden x5 md-x5 lg-x5 y10 md-y10 lg-y10 res-text\">\n                     <div data-animate=\"fadeInLeft\">           <div class=\"text-box-content text dark\">\n              \n              <div class=\"text-inner text-right\">\n                  \n\t<div id=\"text-132064278\" class=\"text\">\n\t\t\n<p style=\"line-height: 1.3em; font-weight: 900; font-size: 2.2em;\">\u0130K\u0130NC\u0130 EL MAK\u0130NALAR<\/p>\n\t\t\n<style>\n#text-132064278 {\n  text-align: left;\n}\n<\/style>\n\t<\/div>\n\t\n              <\/div>\n           <\/div>\n       <\/div>                     \n<style>\n#text-box-2140921854 .text-inner {\n  padding: 10px 30px 57px 20px;\n}\n#text-box-2140921854 {\n  width: 49%;\n}\n#text-box-2140921854 .text-box-content {\n  font-size: 90%;\n}\n@media (min-width:550px) {\n  #text-box-2140921854 .text-box-content {\n    font-size: 153%;\n  }\n}\n@media (min-width:850px) {\n  #text-box-2140921854 {\n    width: 45%;\n  }\n  #text-box-2140921854 .text-box-content {\n    font-size: 200%;\n  }\n}\n<\/style>\n    <\/div>\n \n        <\/div>\n      <\/div>\n\n            \n<style>\n#banner-501901329 {\n  padding-top: 220px;\n  background-color: rgb(255,255,255);\n}\n#banner-501901329 .bg.bg-loaded {\n  background-image: url(https:\/\/adesandelici.com\/wp-content\/uploads\/2022\/02\/Ikinci-El-Makinalar-Banner-1.jpg);\n}\n#banner-501901329 .bg {\n  background-position: 77% 49%;\n}\n#banner-501901329 .ux-shape-divider--top svg {\n  height: 150px;\n  --divider-top-width: 100%;\n}\n#banner-501901329 .ux-shape-divider--bottom svg {\n  height: 150px;\n  --divider-width: 100%;\n}\n@media (min-width:550px) {\n  #banner-501901329 {\n    padding-top: 433px;\n  }\n}\n@media (min-width:850px) {\n  #banner-501901329 {\n    padding-top: 550px;\n  }\n}\n<\/style>\n  <\/div>\n\n\n\t\t<\/div>\n\t\t\t\t\t<\/div>\n\n\t\n<\/div>\n\t\t<\/div>\n\n\t\t\n<style>\n#section_1278031849 {\n  padding-top: 0px;\n  padding-bottom: 0px;\n}\n#section_1278031849 .ux-shape-divider--top svg {\n  height: 150px;\n  --divider-top-width: 100%;\n}\n#section_1278031849 .ux-shape-divider--bottom svg {\n  height: 150px;\n  --divider-width: 100%;\n}\n<\/style>\n\t<\/section>\n\t\n\t<section class=\"section\" id=\"section_1985558129\">\n\t\t<div class=\"bg section-bg fill bg-fill  bg-loaded\" >\n\n\t\t\t\n\t\t\t\n\t\t\t\n\n\t\t<\/div>\n\n\t\t\n\n\t\t<div class=\"section-content relative\">\n\t\t\t\n<div class=\"row align-center\"  id=\"row-547975755\">\n\n\t<div id=\"col-1760178039\" class=\"col large-12\"  >\n\t\t\t\t<div class=\"col-inner\"  >\n\t\t\t\n\t\t\t\n<h1 style=\"font-size: 2.3em; font-weight: 900;\">\u041f\u043e\u0434\u0435\u0440\u0436\u0430\u043d\u043d\u044b\u0435 \u043c\u0430\u0448\u0438\u043d\u044b<\/h1>\n<div style=\"font-size: 1.3em; font-weight: 400;\">\n<p>\u041d\u0438\u0436\u0435 \u0432\u044b \u043c\u043e\u0436\u0435\u0442\u0435 \u043f\u043e\u0441\u043c\u043e\u0442\u0440\u0435\u0442\u044c \u043d\u0430 \u043d\u0430\u0448\u0438 \u043f\u043e\u0434\u0435\u0440\u0436\u0430\u043d\u043d\u044b\u0435 \u043c\u0430\u0448\u0438\u043d\u044b, \u043a\u043e\u0442\u043e\u0440\u044b\u0435 \u043c\u044b \u043e\u0431\u0441\u043b\u0443\u0436\u0438\u0432\u0430\u043b\u0438 \u0438 \u043f\u043e\u0434\u0434\u0435\u0440\u0436\u0438\u0432\u0430\u043b\u0438. \u041d\u0430\u0436\u0430\u0432 \u043d\u0430 \u043a\u043d\u043e\u043f\u043a\u0443 &#8220;\u041e\u0431\u0437\u043e\u0440 \u043c\u0430\u0448\u0438\u043d\u044b&#8221;, \u0432\u044b \u043c\u043e\u0436\u0435\u0442\u0435 \u043f\u043e\u0434\u0440\u043e\u0431\u043d\u043e \u0438\u0437\u0443\u0447\u0438\u0442\u044c \u043c\u0430\u0448\u0438\u043d\u044b. \u0415\u0441\u043b\u0438 \u0432\u0430\u0441 \u0437\u0430\u0438\u043d\u0442\u0435\u0440\u0435\u0441\u043e\u0432\u0430\u043b\u0430 \u043a\u043e\u043d\u043a\u0440\u0435\u0442\u043d\u0430\u044f \u043c\u0430\u0448\u0438\u043d\u0430, \u0432\u044b \u043c\u043e\u0436\u0435\u0442\u0435 \u043d\u0430\u0436\u0430\u0442\u044c \u043d\u0430 \u043a\u043d\u043e\u043f\u043a\u0443 &#8220;\u041f\u043e\u043b\u0443\u0447\u0438\u0442\u044c \u043f\u0440\u0435\u0434\u043b\u043e\u0436\u0435\u043d\u0438\u0435&#8221;, \u0447\u0442\u043e\u0431\u044b \u043f\u043e\u043b\u0443\u0447\u0438\u0442\u044c \u043f\u0440\u0435\u0434\u043b\u043e\u0436\u0435\u043d\u0438\u0435. \u041a\u0440\u043e\u043c\u0435 \u0442\u043e\u0433\u043e, \u0432\u044b \u043c\u043e\u0436\u0435\u0442\u0435 \u0441\u0432\u044f\u0437\u0430\u0442\u044c\u0441\u044f \u0441 \u043d\u0430\u0448\u0438\u043c\u0438 \u0442\u043e\u0440\u0433\u043e\u0432\u044b\u043c\u0438 \u043f\u0440\u0435\u0434\u0441\u0442\u0430\u0432\u0438\u0442\u0435\u043b\u044f\u043c\u0438 \u0434\u043b\u044f \u043f\u043e\u043b\u0443\u0447\u0435\u043d\u0438\u044f \u043f\u043e\u0434\u0440\u043e\u0431\u043d\u043e\u0439 \u0438\u043d\u0444\u043e\u0440\u043c\u0430\u0446\u0438\u0438 \u043e \u043b\u044e\u0431\u043e\u0439 \u0438\u0437 \u043d\u0430\u0448\u0438\u0445 \u043c\u0430\u0448\u0438\u043d.<\/p>\n<\/div>\n\t\t<\/div>\n\t\t\t\t\n<style>\n#col-1760178039 > .col-inner {\n  margin: 20px 0px 0px 0px;\n}\n<\/style>\n\t<\/div>\n\n\t\n<\/div>\n\t\t<\/div>\n\n\t\t\n<style>\n#section_1985558129 {\n  padding-top: 0px;\n  padding-bottom: 0px;\n}\n#section_1985558129 .ux-shape-divider--top svg {\n  height: 150px;\n  --divider-top-width: 100%;\n}\n#section_1985558129 .ux-shape-divider--bottom svg {\n  height: 150px;\n  --divider-width: 100%;\n}\n<\/style>\n\t<\/section>\n\t\n\t<section class=\"section\" id=\"section_1042730859\">\n\t\t<div class=\"bg section-bg fill bg-fill  bg-loaded\" >\n\n\t\t\t\n\t\t\t\n\t\t\t\n\n\t\t<\/div>\n\n\t\t\n\n\t\t<div class=\"section-content relative\">\n\t\t\t\n<div class=\"row\"  id=\"row-1254527870\">\n\n\t<div id=\"col-458584993\" class=\"col small-12 large-12\"  >\n\t\t\t\t<div class=\"col-inner\"  >\n\t\t\t\n\t\t\t\n<div id=\"portfolio-872356322\" class=\"portfolio-element-wrapper has-filtering\">\n  \n    <div class=\"row large-columns-3 medium-columns-2 small-columns-1 row-small\">\n    <div class=\"col\" data-terms=\"[&quot;\u041f\u043e\u0434\u0435\u0440\u0436\u0430\u043d\u043d\u044b\u0435 \u043c\u0430\u0448\u0438\u043d\u044b&quot;]\" >\n          <div class=\"col-inner\" >\n          <a href=\"http:\/\/adesandelici.com\/ru\/%D0%BF%D0%BE%D0%B4%D0%B5%D1%80%D0%B6%D0%B0%D0%BD%D0%BD%D1%8B%D0%B5-%D0%BC%D0%B0%D1%88%D0%B8%D0%BD%D1%8Bc\/%D0%BF%D0%BE%D0%B4%D0%B5%D1%80%D0%B6%D0%B0%D0%BD%D0%BD%D1%8B%D0%B5-%D0%BC%D0%B0%D1%88%D0%B8%D0%BD%D1%8B-atlas-copco-f9-model-2000\/\" class=\"plain \">\n          <div class=\"portfolio-box box has-hover box-default\">\n            <div class=\"box-image\" >\n                <div class=\"image-zoom image-cover\" style=\"padding-top:100%;\">\n                <img decoding=\"async\" width=\"225\" height=\"300\" src=\"https:\/\/adesandelici.com\/wp-content\/uploads\/2022\/03\/Atlas-Copco-F91-07-225x300.jpg\" class=\"attachment-medium size-medium\" alt=\"\" srcset=\"https:\/\/adesandelici.com\/wp-content\/uploads\/2022\/03\/Atlas-Copco-F91-07-225x300.jpg 225w, https:\/\/adesandelici.com\/wp-content\/uploads\/2022\/03\/Atlas-Copco-F91-07-56x75.jpg 56w, https:\/\/adesandelici.com\/wp-content\/uploads\/2022\/03\/Atlas-Copco-F91-07.jpg 600w\" sizes=\"(max-width: 225px) 100vw, 225px\" title=\"\">                                                <\/div>\n            <\/div>\n            <div class=\"box-text text-center is-large\" >\n                  <div class=\"box-text-inner\">\n                      <h6 class=\"uppercase portfolio-box-title\">\u041f\u043e\u0434\u0435\u0440\u0436\u0430\u043d\u043d\u044b\u0435 \u043c\u0430\u0448\u0438\u043d\u044b Atlas Copco F9 &#8211; Model 2000<\/h6>\n                      <p class=\"uppercase portfolio-box-category is-xsmall op-6\">\n                        <span class=\"show-on-hover\">\n                         \u041f\u043e\u0434\u0435\u0440\u0436\u0430\u043d\u043d\u044b\u0435 \u043c\u0430\u0448\u0438\u043d\u044b                        <\/span>\n                      <\/p>\n                  <\/div>\n            <\/div>\n           <\/div>\n           <\/a>\n           <\/div>\n           <\/div><div class=\"col\" data-terms=\"[&quot;\u041f\u043e\u0434\u0435\u0440\u0436\u0430\u043d\u043d\u044b\u0435 \u043c\u0430\u0448\u0438\u043d\u044b&quot;]\" >\n          <div class=\"col-inner\" >\n          <a href=\"http:\/\/adesandelici.com\/ru\/%D0%BF%D0%BE%D0%B4%D0%B5%D1%80%D0%B6%D0%B0%D0%BD%D0%BD%D1%8B%D0%B5-%D0%BC%D0%B0%D1%88%D0%B8%D0%BD%D1%8Bc\/%D0%BF%D0%BE%D0%B4%D0%B5%D1%80%D0%B6%D0%B0%D0%BD%D0%BD%D1%8B%D0%B5-%D0%BC%D0%B0%D1%88%D0%B8%D0%BD%D1%8B-atlas-copco-flexiroc-t35-model-2016\/\" class=\"plain \">\n          <div class=\"portfolio-box box has-hover box-default\">\n            <div class=\"box-image\" >\n                <div class=\"image-zoom image-cover\" style=\"padding-top:100%;\">\n                <img decoding=\"async\" width=\"300\" height=\"225\" src=\"https:\/\/adesandelici.com\/wp-content\/uploads\/2022\/03\/Atlas-Copco-T351-08-300x225.jpg\" class=\"attachment-medium size-medium\" alt=\"\" srcset=\"https:\/\/adesandelici.com\/wp-content\/uploads\/2022\/03\/Atlas-Copco-T351-08-300x225.jpg 300w, https:\/\/adesandelici.com\/wp-content\/uploads\/2022\/03\/Atlas-Copco-T351-08-768x576.jpg 768w, https:\/\/adesandelici.com\/wp-content\/uploads\/2022\/03\/Atlas-Copco-T351-08-75x56.jpg 75w, https:\/\/adesandelici.com\/wp-content\/uploads\/2022\/03\/Atlas-Copco-T351-08.jpg 800w\" sizes=\"(max-width: 300px) 100vw, 300px\" title=\"\">                                                <\/div>\n            <\/div>\n            <div class=\"box-text text-center is-large\" >\n                  <div class=\"box-text-inner\">\n                      <h6 class=\"uppercase portfolio-box-title\">\u041f\u043e\u0434\u0435\u0440\u0436\u0430\u043d\u043d\u044b\u0435 \u043c\u0430\u0448\u0438\u043d\u044b Atlas Copco Flexiroc T35 &#8211; Model 2016<\/h6>\n                      <p class=\"uppercase portfolio-box-category is-xsmall op-6\">\n                        <span class=\"show-on-hover\">\n                         \u041f\u043e\u0434\u0435\u0440\u0436\u0430\u043d\u043d\u044b\u0435 \u043c\u0430\u0448\u0438\u043d\u044b                        <\/span>\n                      <\/p>\n                  <\/div>\n            <\/div>\n           <\/div>\n           <\/a>\n           <\/div>\n           <\/div><div class=\"col\" data-terms=\"[&quot;\u041f\u043e\u0434\u0435\u0440\u0436\u0430\u043d\u043d\u044b\u0435 \u043c\u0430\u0448\u0438\u043d\u044b&quot;]\" >\n          <div class=\"col-inner\" >\n          <a href=\"http:\/\/adesandelici.com\/ru\/%D0%BF%D0%BE%D0%B4%D0%B5%D1%80%D0%B6%D0%B0%D0%BD%D0%BD%D1%8B%D0%B5-%D0%BC%D0%B0%D1%88%D0%B8%D0%BD%D1%8Bc\/%D0%BF%D0%BE%D0%B4%D0%B5%D1%80%D0%B6%D0%B0%D0%BD%D0%BD%D1%8B%D0%B5-%D0%BC%D0%B0%D1%88%D0%B8%D0%BD%D1%8B-sandvik-dx-700-2010-model\/\" class=\"plain \">\n          <div class=\"portfolio-box box has-hover box-default\">\n            <div class=\"box-image\" >\n                <div class=\"image-zoom image-cover\" style=\"padding-top:100%;\">\n                <img decoding=\"async\" width=\"300\" height=\"225\" src=\"https:\/\/adesandelici.com\/wp-content\/uploads\/2022\/03\/Sandvik-DX-700-1-06-300x225.jpg\" class=\"attachment-medium size-medium\" alt=\"\" srcset=\"https:\/\/adesandelici.com\/wp-content\/uploads\/2022\/03\/Sandvik-DX-700-1-06-300x225.jpg 300w, https:\/\/adesandelici.com\/wp-content\/uploads\/2022\/03\/Sandvik-DX-700-1-06-768x576.jpg 768w, https:\/\/adesandelici.com\/wp-content\/uploads\/2022\/03\/Sandvik-DX-700-1-06-75x56.jpg 75w, https:\/\/adesandelici.com\/wp-content\/uploads\/2022\/03\/Sandvik-DX-700-1-06.jpg 800w\" sizes=\"(max-width: 300px) 100vw, 300px\" title=\"\">                                                <\/div>\n            <\/div>\n            <div class=\"box-text text-center is-large\" >\n                  <div class=\"box-text-inner\">\n                      <h6 class=\"uppercase portfolio-box-title\">\u041f\u043e\u0434\u0435\u0440\u0436\u0430\u043d\u043d\u044b\u0435 \u043c\u0430\u0448\u0438\u043d\u044b Sandvik DX 700 &#8211; 2010 Model<\/h6>\n                      <p class=\"uppercase portfolio-box-category is-xsmall op-6\">\n                        <span class=\"show-on-hover\">\n                         \u041f\u043e\u0434\u0435\u0440\u0436\u0430\u043d\u043d\u044b\u0435 \u043c\u0430\u0448\u0438\u043d\u044b                        <\/span>\n                      <\/p>\n                  <\/div>\n            <\/div>\n           <\/div>\n           <\/a>\n           <\/div>\n           <\/div><div class=\"col\" data-terms=\"[&quot;\u041f\u043e\u0434\u0435\u0440\u0436\u0430\u043d\u043d\u044b\u0435 \u043c\u0430\u0448\u0438\u043d\u044b&quot;]\" >\n          <div class=\"col-inner\" >\n          <a href=\"http:\/\/adesandelici.com\/ru\/%D0%BF%D0%BE%D0%B4%D0%B5%D1%80%D0%B6%D0%B0%D0%BD%D0%BD%D1%8B%D0%B5-%D0%BC%D0%B0%D1%88%D0%B8%D0%BD%D1%8Bc\/%D0%BF%D0%BE%D0%B4%D0%B5%D1%80%D0%B6%D0%B0%D0%BD%D0%BD%D1%8B%D0%B5-%D0%BC%D0%B0%D1%88%D0%B8%D0%BD%D1%8B-sandvik-rd-525\/\" class=\"plain \">\n          <div class=\"portfolio-box box has-hover box-default\">\n            <div class=\"box-image\" >\n                <div class=\"image-zoom image-cover\" style=\"padding-top:100%;\">\n                <img decoding=\"async\" width=\"225\" height=\"300\" src=\"https:\/\/adesandelici.com\/wp-content\/uploads\/2022\/03\/Sandvik-RD-5251-04-225x300.jpg\" class=\"attachment-medium size-medium\" alt=\"\" srcset=\"https:\/\/adesandelici.com\/wp-content\/uploads\/2022\/03\/Sandvik-RD-5251-04-225x300.jpg 225w, https:\/\/adesandelici.com\/wp-content\/uploads\/2022\/03\/Sandvik-RD-5251-04-56x75.jpg 56w, https:\/\/adesandelici.com\/wp-content\/uploads\/2022\/03\/Sandvik-RD-5251-04.jpg 600w\" sizes=\"(max-width: 225px) 100vw, 225px\" title=\"\">                                                <\/div>\n            <\/div>\n            <div class=\"box-text text-center is-large\" >\n                  <div class=\"box-text-inner\">\n                      <h6 class=\"uppercase portfolio-box-title\">\u041f\u043e\u0434\u0435\u0440\u0436\u0430\u043d\u043d\u044b\u0435 \u043c\u0430\u0448\u0438\u043d\u044b Sandvik RD 525<\/h6>\n                      <p class=\"uppercase portfolio-box-category is-xsmall op-6\">\n                        <span class=\"show-on-hover\">\n                         \u041f\u043e\u0434\u0435\u0440\u0436\u0430\u043d\u043d\u044b\u0435 \u043c\u0430\u0448\u0438\u043d\u044b                        <\/span>\n                      <\/p>\n                  <\/div>\n            <\/div>\n           <\/div>\n           <\/a>\n           <\/div>\n           <\/div><\/div><\/div>\n\t\t<\/div>\n\t\t\t\t\t<\/div>\n\n\t\n<\/div>\n\t\t<\/div>\n\n\t\t\n<style>\n#section_1042730859 {\n  padding-top: 30px;\n  padding-bottom: 30px;\n  background-color: rgb(240, 240, 240);\n}\n#section_1042730859 .ux-shape-divider--top svg {\n  height: 150px;\n  --divider-top-width: 100%;\n}\n#section_1042730859 .ux-shape-divider--bottom svg {\n  height: 150px;\n  --divider-width: 100%;\n}\n<\/style>\n\t<\/section>\n\t\n","protected":false},"excerpt":{"rendered":"","protected":false},"author":1,"featured_media":0,"parent":0,"menu_order":0,"comment_status":"closed","ping_status":"closed","template":"page-blank.php","meta":{"footnotes":""},"class_list":["post-3146","page","type-page","status-publish","hentry"],"acf":[],"_links":{"self":[{"href":"https:\/\/adesandelici.com\/ru\/wp-json\/wp\/v2\/pages\/3146","targetHints":{"allow":["GET"]}}],"collection":[{"href":"https:\/\/adesandelici.com\/ru\/wp-json\/wp\/v2\/pages"}],"about":[{"href":"https:\/\/adesandelici.com\/ru\/wp-json\/wp\/v2\/types\/page"}],"author":[{"embeddable":true,"href":"https:\/\/adesandelici.com\/ru\/wp-json\/wp\/v2\/users\/1"}],"replies":[{"embeddable":true,"href":"https:\/\/adesandelici.com\/ru\/wp-json\/wp\/v2\/comments?post=3146"}],"version-history":[{"count":0,"href":"https:\/\/adesandelici.com\/ru\/wp-json\/wp\/v2\/pages\/3146\/revisions"}],"wp:attachment":[{"href":"https:\/\/adesandelici.com\/ru\/wp-json\/wp\/v2\/media?parent=3146"}],"curies":[{"name":"wp","href":"https:\/\/api.w.org\/{rel}","templated":true}]}}